{"id":89,"date":"2025-08-19T13:54:19","date_gmt":"2025-08-19T13:54:19","guid":{"rendered":"https:\/\/kraftindustries.com\/?page_id=89"},"modified":"2025-10-06T18:48:13","modified_gmt":"2025-10-06T18:48:13","slug":"unidad-ininterrumpida-de-alimentacion-ups","status":"publish","type":"page","link":"https:\/\/kraftindustries.com\/es\/unidad-ininterrumpida-de-alimentacion-ups\/","title":{"rendered":"Unidad Ininterrumpida de Alimentaci\u00f3n (UPS)"},"content":{"rendered":"<div class=\"wp-block-group alignfull has-base-2-background-color has-background has-global-padding is-layout-constrained wp-container-core-group-is-layout-669513ed wp-block-group-is-layout-constrained\" style=\"margin-top:0;margin-bottom:0;padding-top:var(--wp--preset--spacing--50);padding-right:var(--wp--preset--spacing--50);padding-bottom:var(--wp--preset--spacing--50);padding-left:var(--wp--preset--spacing--50)\">\n<div class=\"wp-block-group alignwide is-vertical is-content-justification-center is-layout-flex wp-container-core-group-is-layout-52b864f0 wp-block-group-is-layout-flex\">\n<p class=\"has-text-align-center\">UPS Monof\u00e1sicas, Trif\u00e1sicas y Modulares; de doble conversi\u00f3n en linea. Aplicaciones desde peque\u00f1as oficinas, equipamientos m\u00e9dicos, industrias y de hasta 500kVA en un solo gabinete. Opciones Rackeables, torres, modulares y con transformador de aislaci\u00f3n<\/p>\n\n\n\n<div style=\"height:0px\" aria-hidden=\"true\" class=\"wp-block-spacer wp-container-content-4f2ccadb\"><\/div>\n\n\n\n<div style=\"margin-top:0;margin-bottom:0;height:0px\" aria-hidden=\"true\" class=\"wp-block-spacer wp-container-content-9d1f8957\"><\/div>\n<\/div>\n\n\n\n<div class=\"wp-block-columns alignwide is-layout-flex wp-container-core-columns-is-layout-d0bbbce0 wp-block-columns-is-layout-flex\">\n<div class=\"wp-block-column is-layout-flow wp-container-core-column-is-layout-e3d1c41b wp-block-column-is-layout-flow\">\n<figure class=\"wp-block-image aligncenter size-full\"><img loading=\"lazy\" decoding=\"async\" width=\"290\" height=\"290\" src=\"http:\/\/kraftindustries.com\/wp-content\/uploads\/2025\/08\/monofasica.jpg\" alt=\"\" class=\"wp-image-76\" srcset=\"https:\/\/kraftindustries.com\/wp-content\/uploads\/2025\/08\/monofasica.jpg 290w, https:\/\/kraftindustries.com\/wp-content\/uploads\/2025\/08\/monofasica-150x150.jpg 150w\" sizes=\"auto, (max-width: 290px) 100vw, 290px\" \/><\/figure>\n\n\n\n<h3 class=\"wp-block-heading has-text-align-center is-style-default has-body-font-family has-medium-font-size\" style=\"font-style:normal;font-weight:600\"><strong>UPS Monof\u00e1sicas<\/strong><\/h3>\n\n\n\n<p class=\"has-text-align-center\">La capacidad cubre de 1kVA a 40kVA y proporciona protecci\u00f3n de suministro de energ\u00eda ininterrumpida para aplicaciones peque\u00f1as, como el hogar, peque\u00f1as empresas y oficinas.<\/p>\n\n\n\n<div class=\"wp-block-buttons is-content-justification-center is-layout-flex wp-container-core-buttons-is-layout-a89b3969 wp-block-buttons-is-layout-flex\">\n<div class=\"wp-block-button\"><a class=\"wp-block-button__link has-text-align-center wp-element-button\">Mas informaci\u00f3n<\/a><\/div>\n<\/div>\n<\/div>\n\n\n\n<div class=\"wp-block-column is-layout-flow wp-container-core-column-is-layout-e3d1c41b wp-block-column-is-layout-flow\">\n<figure class=\"wp-block-image aligncenter size-full is-resized\"><img loading=\"lazy\" decoding=\"async\" width=\"1000\" height=\"1000\" src=\"http:\/\/kraftindustries.com\/wp-content\/uploads\/2025\/08\/portada_ups_trifasica.jpg\" alt=\"\" class=\"wp-image-81\" style=\"width:291px;height:auto\" srcset=\"https:\/\/kraftindustries.com\/wp-content\/uploads\/2025\/08\/portada_ups_trifasica.jpg 1000w, https:\/\/kraftindustries.com\/wp-content\/uploads\/2025\/08\/portada_ups_trifasica-300x300.jpg 300w, https:\/\/kraftindustries.com\/wp-content\/uploads\/2025\/08\/portada_ups_trifasica-150x150.jpg 150w, https:\/\/kraftindustries.com\/wp-content\/uploads\/2025\/08\/portada_ups_trifasica-768x768.jpg 768w\" sizes=\"auto, (max-width: 1000px) 100vw, 1000px\" \/><\/figure>\n\n\n\n<h3 class=\"wp-block-heading has-text-align-center is-style-default has-body-font-family has-medium-font-size\" style=\"font-style:normal;font-weight:600\"><strong><a href=\"https:\/\/kraftindustries.com\/es\/ups-trifasicas\/\" data-type=\"page\" data-id=\"100\" target=\"_blank\" rel=\"noreferrer noopener\">UPS Trif\u00e1sicas<\/a><\/strong><\/h3>\n\n\n\n<p class=\"has-text-align-center\">La capacidad oscila entre 10kVA y 500kVA. Aplicaciones para peque\u00f1os sitios de carga hasta industrias de procesamiento y grandes centros de datos. La serie es rentable y la calidad es confiable.<\/p>\n\n\n\n<div class=\"wp-block-buttons is-content-justification-center is-layout-flex wp-container-core-buttons-is-layout-a89b3969 wp-block-buttons-is-layout-flex\">\n<div class=\"wp-block-button\"><a class=\"wp-block-button__link wp-element-button\" href=\"https:\/\/kraftindustries.com\/es\/ups-trifasicas\/\" target=\"_blank\" rel=\"noreferrer noopener\">Mas informaci\u00f3n<\/a><\/div>\n<\/div>\n<\/div>\n\n\n\n<div class=\"wp-block-column is-layout-flow wp-container-core-column-is-layout-e3d1c41b wp-block-column-is-layout-flow\">\n<figure class=\"wp-block-image aligncenter size-full\"><img loading=\"lazy\" decoding=\"async\" width=\"290\" height=\"290\" src=\"http:\/\/kraftindustries.com\/wp-content\/uploads\/2025\/08\/modular.jpg\" alt=\"\" class=\"wp-image-75\" srcset=\"https:\/\/kraftindustries.com\/wp-content\/uploads\/2025\/08\/modular.jpg 290w, https:\/\/kraftindustries.com\/wp-content\/uploads\/2025\/08\/modular-150x150.jpg 150w\" sizes=\"auto, (max-width: 290px) 100vw, 290px\" \/><\/figure>\n\n\n\n<h3 class=\"wp-block-heading has-text-align-center is-style-default has-body-font-family has-medium-font-size\" style=\"font-style:normal;font-weight:600\"><strong>UPS Modulares<\/strong><\/h3>\n\n\n\n<p class=\"has-text-align-center\">Rango de potencia del gabinete de 5kVA a 600kVA, de alta confiabilidad. La serie es una de las m\u00e1s vendidas de KRAFT y satisface sus necesidades trif\u00e1sicas en 380\/480V.<\/p>\n\n\n\n<div class=\"wp-block-buttons is-content-justification-center is-layout-flex wp-container-core-buttons-is-layout-a89b3969 wp-block-buttons-is-layout-flex\">\n<div class=\"wp-block-button\"><a class=\"wp-block-button__link wp-element-button\">Mas informaci\u00f3n<\/a><\/div>\n<\/div>\n\n\n\n<p class=\"has-text-align-left\"><\/p>\n<\/div>\n<\/div>\n\n\n\n<div style=\"height:var(--wp--preset--spacing--20)\" aria-hidden=\"true\" class=\"wp-block-spacer\"><\/div>\n\n\n\n<div class=\"wp-block-columns alignwide is-layout-flex wp-container-core-columns-is-layout-d0bbbce0 wp-block-columns-is-layout-flex\">\n<div class=\"wp-block-column is-layout-flow wp-container-core-column-is-layout-e3d1c41b wp-block-column-is-layout-flow\">\n<h3 class=\"wp-block-heading has-text-align-left is-style-default has-body-font-family has-medium-font-size\" style=\"font-style:normal;font-weight:600\"><\/h3>\n\n\n\n<p class=\"has-text-align-left\"><\/p>\n<\/div>\n\n\n\n<div class=\"wp-block-column is-layout-flow wp-container-core-column-is-layout-e3d1c41b wp-block-column-is-layout-flow\">\n<h3 class=\"wp-block-heading has-text-align-left is-style-default has-body-font-family has-medium-font-size\" style=\"font-style:normal;font-weight:600\"><\/h3>\n\n\n\n<p class=\"has-text-align-left\"><\/p>\n<\/div>\n\n\n\n<div class=\"wp-block-column is-layout-flow wp-container-core-column-is-layout-e3d1c41b wp-block-column-is-layout-flow\">\n<h3 class=\"wp-block-heading has-text-align-left is-style-default has-body-font-family has-medium-font-size\" style=\"font-style:normal;font-weight:600\"><\/h3>\n\n\n\n<p class=\"has-text-align-left\"><\/p>\n<\/div>\n<\/div>\n<\/div>","protected":false},"excerpt":{"rendered":"<p>UPS Monof\u00e1sicas, Trif\u00e1sicas y Modulares; de doble conversi\u00f3n en linea. Aplicaciones desde peque\u00f1as oficinas, equipamientos m\u00e9dicos, industrias y de hasta 500kVA en un solo gabinete. Opciones Rackeables, torres, modulares y con transformador de aislaci\u00f3n UPS Monof\u00e1sicas La capacidad cubre de 1kVA a 40kVA y proporciona protecci\u00f3n de suministro de energ\u00eda ininterrumpida para aplicaciones peque\u00f1as, como [&hellip;]<\/p>\n","protected":false},"author":1,"featured_media":0,"parent":0,"menu_order":0,"comment_status":"closed","ping_status":"closed","template":"","meta":{"footnotes":""},"class_list":["post-89","page","type-page","status-publish","hentry"],"_links":{"self":[{"href":"https:\/\/kraftindustries.com\/es\/wp-json\/wp\/v2\/pages\/89","targetHints":{"allow":["GET"]}}],"collection":[{"href":"https:\/\/kraftindustries.com\/es\/wp-json\/wp\/v2\/pages"}],"about":[{"href":"https:\/\/kraftindustries.com\/es\/wp-json\/wp\/v2\/types\/page"}],"author":[{"embeddable":true,"href":"https:\/\/kraftindustries.com\/es\/wp-json\/wp\/v2\/users\/1"}],"replies":[{"embeddable":true,"href":"https:\/\/kraftindustries.com\/es\/wp-json\/wp\/v2\/comments?post=89"}],"version-history":[{"count":12,"href":"https:\/\/kraftindustries.com\/es\/wp-json\/wp\/v2\/pages\/89\/revisions"}],"predecessor-version":[{"id":278,"href":"https:\/\/kraftindustries.com\/es\/wp-json\/wp\/v2\/pages\/89\/revisions\/278"}],"wp:attachment":[{"href":"https:\/\/kraftindustries.com\/es\/wp-json\/wp\/v2\/media?parent=89"}],"curies":[{"name":"wp","href":"https:\/\/api.w.org\/{rel}","templated":true}]}}