{"id":332,"date":"2025-11-08T21:57:41","date_gmt":"2025-11-08T21:57:41","guid":{"rendered":"https:\/\/kraftindustries.com\/?page_id=332"},"modified":"2026-01-12T19:58:55","modified_gmt":"2026-01-12T19:58:55","slug":"332-2","status":"publish","type":"page","link":"https:\/\/kraftindustries.com\/es\/","title":{"rendered":""},"content":{"rendered":"<div class=\"wp-block-cover alignfull\"><img loading=\"lazy\" decoding=\"async\" width=\"1024\" height=\"360\" class=\"wp-block-cover__image-background wp-image-336 size-large\" alt=\"\" src=\"https:\/\/kraftindustries.com\/wp-content\/uploads\/2025\/11\/shutterstock_1929852050-1110x390-1-1024x360.jpg\" data-object-fit=\"cover\" srcset=\"https:\/\/kraftindustries.com\/wp-content\/uploads\/2025\/11\/shutterstock_1929852050-1110x390-1-1024x360.jpg 1024w, https:\/\/kraftindustries.com\/wp-content\/uploads\/2025\/11\/shutterstock_1929852050-1110x390-1-300x105.jpg 300w, https:\/\/kraftindustries.com\/wp-content\/uploads\/2025\/11\/shutterstock_1929852050-1110x390-1-768x270.jpg 768w, https:\/\/kraftindustries.com\/wp-content\/uploads\/2025\/11\/shutterstock_1929852050-1110x390-1.jpg 1110w\" sizes=\"auto, (max-width: 1024px) 100vw, 1024px\" \/><span aria-hidden=\"true\" class=\"wp-block-cover__background has-background-dim\" style=\"background-color:#383361\"><\/span><div class=\"wp-block-cover__inner-container has-global-padding is-layout-constrained wp-block-cover-is-layout-constrained\">\n<p class=\"has-text-align-center has-large-font-size\"><strong>Bienvenidos a Kraft Industries LLC. Infraestructura de TI y energ\u00eda de Back UP<\/strong><\/p>\n\n\n\n<div class=\"wp-block-buttons is-layout-flex wp-block-buttons-is-layout-flex\">\n<div class=\"wp-block-button\"><a class=\"wp-block-button__link wp-element-button\" href=\"https:\/\/kraftindustries.com\/es\/nosotros\/\">Compa\u00f1ia<\/a><\/div>\n<\/div>\n<\/div><\/div>\n\n\n\n<p class=\"has-text-align-center has-x-large-font-size\"><strong>Soluciones<\/strong><\/p>\n\n\n\n<p class=\"has-text-align-center\">Soluciones que var\u00edan de 1kVA a 600kVA y varios accesorios UPS como opci\u00f3n, y ahora tambi\u00e9n podemos ofrecer sistemas de enfriamiento de precisi\u00f3n y soluciones de centros de datos modulares integradas para los\nclientes, que satisfacen sus diferentes requisitos en diferentes escenarios de aplicaci\u00f3n.<\/p>\n\n\n\n<div class=\"wp-block-group alignfull has-global-padding is-layout-constrained wp-container-core-group-is-layout-669513ed wp-block-group-is-layout-constrained\" style=\"margin-top:0;margin-bottom:0;padding-top:var(--wp--preset--spacing--50);padding-right:var(--wp--preset--spacing--50);padding-bottom:var(--wp--preset--spacing--50);padding-left:var(--wp--preset--spacing--50)\">\n<div class=\"wp-block-columns alignwide is-layout-flex wp-container-core-columns-is-layout-4935966c wp-block-columns-is-layout-flex\" style=\"padding-right:0;padding-left:0\">\n<div class=\"wp-block-column is-layout-flow wp-block-column-is-layout-flow\">\n<figure class=\"wp-block-image size-full is-style-rounded is-style-rounded--1\"><img loading=\"lazy\" decoding=\"async\" width=\"314\" height=\"213\" src=\"https:\/\/kraftindustries.com\/wp-content\/uploads\/2025\/08\/portada-5.png\" alt=\"\" class=\"wp-image-80\" style=\"aspect-ratio:1;object-fit:cover\" srcset=\"https:\/\/kraftindustries.com\/wp-content\/uploads\/2025\/08\/portada-5.png 314w, https:\/\/kraftindustries.com\/wp-content\/uploads\/2025\/08\/portada-5-300x204.png 300w\" sizes=\"auto, (max-width: 314px) 100vw, 314px\" \/><\/figure>\n\n\n\n<div class=\"wp-block-group is-vertical is-content-justification-center is-nowrap is-layout-flex wp-container-core-group-is-layout-21d4e958 wp-block-group-is-layout-flex\">\n<p class=\"has-text-align-center\"><a href=\"https:\/\/kraftindustries.com\/es\/unidad-ininterrumpida-de-alimentacion-ups\/\" data-type=\"page\" data-id=\"89\" target=\"_blank\" rel=\"noreferrer noopener\"><strong>Unidad Ininterrumpida de Alimentaci\u00f3n (UPS)<\/strong><\/a><\/p>\n\n\n\n<p><\/p>\n\n\n\n<p class=\"has-text-align-center has-medium-font-size\">UPS On-Line de Doble Conversi\u00f3n, de potencias desde 1kVA hasta 500kVA; en una sola unidad de Rack<\/p>\n<\/div>\n<\/div>\n\n\n\n<div class=\"wp-block-column is-layout-flow wp-block-column-is-layout-flow\">\n<figure class=\"wp-block-image size-full is-resized is-style-rounded is-style-rounded--2\"><img loading=\"lazy\" decoding=\"async\" width=\"896\" height=\"504\" src=\"https:\/\/kraftindustries.com\/wp-content\/uploads\/2025\/08\/portada-bateria.jpg\" alt=\"\" class=\"wp-image-82\" style=\"aspect-ratio:1;object-fit:cover;width:336px;height:auto\" srcset=\"https:\/\/kraftindustries.com\/wp-content\/uploads\/2025\/08\/portada-bateria.jpg 896w, https:\/\/kraftindustries.com\/wp-content\/uploads\/2025\/08\/portada-bateria-300x169.jpg 300w, https:\/\/kraftindustries.com\/wp-content\/uploads\/2025\/08\/portada-bateria-768x432.jpg 768w\" sizes=\"auto, (max-width: 896px) 100vw, 896px\" \/><\/figure>\n\n\n\n<div class=\"wp-block-group is-vertical is-content-justification-center is-nowrap is-layout-flex wp-container-core-group-is-layout-63bfd6c1 wp-block-group-is-layout-flex\">\n<p><strong><a href=\"https:\/\/kraftindustries.com\/es\/seccion-en-construccion\/\" data-type=\"link\" data-id=\"https:\/\/kraftindustries.com\/seccion-en-construccion\/\">Baterias<\/a> <\/strong><\/p>\n\n\n\n<p><\/p>\n\n\n\n<p class=\"has-text-align-center has-medium-font-size\">Bater\u00edas Estacionarias, AGM, VRLA, Ion Litio, OPZx<\/p>\n<\/div>\n<\/div>\n\n\n\n<div class=\"wp-block-column is-layout-flow wp-block-column-is-layout-flow\">\n<figure class=\"wp-block-image aligncenter size-full is-resized is-style-rounded is-style-rounded--3\"><img loading=\"lazy\" decoding=\"async\" width=\"376\" height=\"290\" src=\"https:\/\/kraftindustries.com\/wp-content\/uploads\/2025\/10\/grupo-electrogeno-1.png\" alt=\"\" class=\"wp-image-271\" style=\"aspect-ratio:1;object-fit:cover;width:340px;height:auto\" srcset=\"https:\/\/kraftindustries.com\/wp-content\/uploads\/2025\/10\/grupo-electrogeno-1.png 376w, https:\/\/kraftindustries.com\/wp-content\/uploads\/2025\/10\/grupo-electrogeno-1-300x231.png 300w\" sizes=\"auto, (max-width: 376px) 100vw, 376px\" \/><\/figure>\n\n\n\n<div class=\"wp-block-group is-vertical is-content-justification-center is-nowrap is-layout-flex wp-container-core-group-is-layout-63bfd6c1 wp-block-group-is-layout-flex\">\n<p class=\"has-text-align-center\"><a href=\"https:\/\/kraftindustries.com\/es\/generadores-electrogenos\/\" data-type=\"link\" data-id=\"https:\/\/kraftindustries.com\/generadores-electrogenos\/\" target=\"_blank\" rel=\"noreferrer noopener\"><strong>Generadores Elect\u00f3genos<\/strong><\/a><\/p>\n\n\n\n<p><\/p>\n\n\n\n<p class=\"has-text-align-center has-medium-font-size\">Generadores tr\u00edfasicos desde 10kVA hasta 1.5MVA<\/p>\n<\/div>\n<\/div>\n<\/div>\n\n\n\n<div class=\"wp-block-group alignfull has-global-padding is-layout-constrained wp-container-core-group-is-layout-669513ed wp-block-group-is-layout-constrained\" style=\"margin-top:0;margin-bottom:0;padding-top:var(--wp--preset--spacing--50);padding-right:var(--wp--preset--spacing--50);padding-bottom:var(--wp--preset--spacing--50);padding-left:var(--wp--preset--spacing--50)\">\n<div class=\"wp-block-columns alignwide is-layout-flex wp-container-core-columns-is-layout-4935966c wp-block-columns-is-layout-flex\" style=\"padding-right:0;padding-left:0\">\n<div class=\"wp-block-column is-layout-flow wp-block-column-is-layout-flow\">\n<figure class=\"wp-block-image aligncenter size-full is-resized is-style-rounded is-style-rounded--4\"><img loading=\"lazy\" decoding=\"async\" width=\"533\" height=\"397\" src=\"https:\/\/kraftindustries.com\/wp-content\/uploads\/2025\/11\/fotoo.png\" alt=\"\" class=\"wp-image-347\" style=\"aspect-ratio:1;object-fit:cover;width:330px;height:auto\" srcset=\"https:\/\/kraftindustries.com\/wp-content\/uploads\/2025\/11\/fotoo.png 533w, https:\/\/kraftindustries.com\/wp-content\/uploads\/2025\/11\/fotoo-300x223.png 300w\" sizes=\"auto, (max-width: 533px) 100vw, 533px\" \/><\/figure>\n\n\n\n<div class=\"wp-block-group is-vertical is-content-justification-center is-nowrap is-layout-flex wp-container-core-group-is-layout-21d4e958 wp-block-group-is-layout-flex\">\n<p class=\"has-text-align-center\"><a href=\"https:\/\/kraftindustries.com\/es\/seccion-en-construccion\/\"><strong>Centro de Datos Modulares (MDC)<\/strong><\/a><\/p>\n\n\n\n<p><\/p>\n\n\n\n<p class=\"has-small-font-size\">Micro Data Center Modulares, ofrece todo en un solo gabinete integrando sistemas como PCI, UPS, A.A.<\/p>\n\n\n\n<p class=\"has-text-align-center has-small-font-size\"><\/p>\n<\/div>\n<\/div>\n<\/div>\n<\/div>\n<\/div>\n\n\n\n<div class=\"wp-block-group alignfull has-global-padding is-layout-constrained wp-container-core-group-is-layout-d89aad35 wp-block-group-is-layout-constrained\" style=\"margin-top:0;margin-bottom:0;padding-top:var(--wp--preset--spacing--50);padding-right:var(--wp--preset--spacing--50);padding-bottom:var(--wp--preset--spacing--50);padding-left:var(--wp--preset--spacing--50)\">\n<div class=\"wp-block-group alignfull has-base-2-background-color has-background has-global-padding is-layout-constrained wp-container-core-group-is-layout-39412042 wp-block-group-is-layout-constrained\" style=\"border-radius:16px;padding-top:var(--wp--preset--spacing--40);padding-right:var(--wp--preset--spacing--50);padding-bottom:var(--wp--preset--spacing--40);padding-left:var(--wp--preset--spacing--50)\">\n<div style=\"height:var(--wp--preset--spacing--10)\" aria-hidden=\"true\" class=\"wp-block-spacer\"><\/div>\n\n\n\n<h2 class=\"wp-block-heading has-text-align-center has-x-large-font-size\">No dudes en contactarnos<\/h2>\n\n\n\n<p class=\"has-text-align-center\">We&#8217;ll provide you with the best solutions tailored to your needs<\/p>\n\n\n\n<div class=\"wp-block-buttons is-content-justification-center is-layout-flex wp-container-core-buttons-is-layout-a89b3969 wp-block-buttons-is-layout-flex\">\n<div class=\"wp-block-button\"><a class=\"wp-block-button__link wp-element-button\" href=\"https:\/\/kraftindustries.com\/es\/Contacto\/\">Contacto<\/a><\/div>\n<\/div>\n\n\n\n<div style=\"height:var(--wp--preset--spacing--10)\" aria-hidden=\"true\" class=\"wp-block-spacer\"><\/div>\n<\/div>\n<\/div>\n\n\n\n<p><\/p>\n\n\n\n<p><\/p>","protected":false},"excerpt":{"rendered":"<p>Solutions Solutions ranging from 1kVA to 600kVA and various UPS accessories as options, and we can now also offer precision cooling systems and integrated modular data center solutions for customers, meeting their different requirements in different application scenarios. Uninterruptible Power Supply (UPS) Double Conversion Online UPS, with power ratings from 1kVA to 500kVA; in a [&hellip;]<\/p>\n","protected":false},"author":1,"featured_media":0,"parent":0,"menu_order":0,"comment_status":"closed","ping_status":"closed","template":"","meta":{"footnotes":""},"class_list":["post-332","page","type-page","status-publish","hentry"],"_links":{"self":[{"href":"https:\/\/kraftindustries.com\/es\/wp-json\/wp\/v2\/pages\/332","targetHints":{"allow":["GET"]}}],"collection":[{"href":"https:\/\/kraftindustries.com\/es\/wp-json\/wp\/v2\/pages"}],"about":[{"href":"https:\/\/kraftindustries.com\/es\/wp-json\/wp\/v2\/types\/page"}],"author":[{"embeddable":true,"href":"https:\/\/kraftindustries.com\/es\/wp-json\/wp\/v2\/users\/1"}],"replies":[{"embeddable":true,"href":"https:\/\/kraftindustries.com\/es\/wp-json\/wp\/v2\/comments?post=332"}],"version-history":[{"count":24,"href":"https:\/\/kraftindustries.com\/es\/wp-json\/wp\/v2\/pages\/332\/revisions"}],"predecessor-version":[{"id":414,"href":"https:\/\/kraftindustries.com\/es\/wp-json\/wp\/v2\/pages\/332\/revisions\/414"}],"wp:attachment":[{"href":"https:\/\/kraftindustries.com\/es\/wp-json\/wp\/v2\/media?parent=332"}],"curies":[{"name":"wp","href":"https:\/\/api.w.org\/{rel}","templated":true}]}}