{"id":266,"date":"2025-10-06T18:36:03","date_gmt":"2025-10-06T18:36:03","guid":{"rendered":"https:\/\/kraftindustries.com\/?page_id=266"},"modified":"2025-11-08T21:53:31","modified_gmt":"2025-11-08T21:53:31","slug":"generadores-electrogenos","status":"publish","type":"page","link":"https:\/\/kraftindustries.com\/es\/generadores-electrogenos\/","title":{"rendered":"Generadores Electrogenos"},"content":{"rendered":"<p><\/p>\n\n\n\n<div class=\"wp-block-media-text alignwide is-stacked-on-mobile is-vertically-aligned-center\" style=\"grid-template-columns:25% auto\"><figure class=\"wp-block-media-text__media\"><img loading=\"lazy\" decoding=\"async\" width=\"800\" height=\"800\" src=\"https:\/\/kraftindustries.com\/wp-content\/uploads\/2025\/10\/Generador-Monofasico.png\" alt=\"\" class=\"wp-image-288 size-full\" srcset=\"https:\/\/kraftindustries.com\/wp-content\/uploads\/2025\/10\/Generador-Monofasico.png 800w, https:\/\/kraftindustries.com\/wp-content\/uploads\/2025\/10\/Generador-Monofasico-300x300.png 300w, https:\/\/kraftindustries.com\/wp-content\/uploads\/2025\/10\/Generador-Monofasico-150x150.png 150w, https:\/\/kraftindustries.com\/wp-content\/uploads\/2025\/10\/Generador-Monofasico-768x768.png 768w\" sizes=\"auto, (max-width: 800px) 100vw, 800px\" \/><\/figure><div class=\"wp-block-media-text__content\">\n<p class=\"has-text-align-center\"><strong>Generadores de Uso Residencial<\/strong><\/p>\n\n\n\n<p>Con rangos de potencia desde 10\u202fkVA hasta 40\u202fkVA, estos equipos est\u00e1n dise\u00f1ados para garantizar energ\u00eda continua en hogares, peque\u00f1as oficinas y comercios. Compactos, silenciosos y de f\u00e1cil instalaci\u00f3n, brindan una soluci\u00f3n eficiente ante cortes de red el\u00e9ctrica. Disponibles en versiones autom\u00e1ticas y manuales<\/p>\n\n\n\n<div class=\"wp-block-buttons is-content-justification-center is-layout-flex wp-container-core-buttons-is-layout-a89b3969 wp-block-buttons-is-layout-flex\">\n<div class=\"wp-block-button\"><a class=\"wp-block-button__link wp-element-button\" href=\"https:\/\/kraftindustries.com\/es\/seccion-en-construccion\/\">Sabe m\u00e1s&#8230;<\/a><\/div>\n<\/div>\n<\/div><\/div>\n\n\n\n<div style=\"height:77px\" aria-hidden=\"true\" class=\"wp-block-spacer\"><\/div>\n\n\n\n<div class=\"wp-block-media-text alignwide is-stacked-on-mobile\" style=\"grid-template-columns:30% auto\"><figure class=\"wp-block-media-text__media\"><img loading=\"lazy\" decoding=\"async\" width=\"970\" height=\"600\" src=\"https:\/\/kraftindustries.com\/wp-content\/uploads\/2025\/10\/Generador-Amarillo.png\" alt=\"\" class=\"wp-image-290 size-full\" srcset=\"https:\/\/kraftindustries.com\/wp-content\/uploads\/2025\/10\/Generador-Amarillo.png 970w, https:\/\/kraftindustries.com\/wp-content\/uploads\/2025\/10\/Generador-Amarillo-300x186.png 300w, https:\/\/kraftindustries.com\/wp-content\/uploads\/2025\/10\/Generador-Amarillo-768x475.png 768w\" sizes=\"auto, (max-width: 970px) 100vw, 970px\" \/><\/figure><div class=\"wp-block-media-text__content\">\n<p class=\"has-text-align-center\"><strong>Generadores Industriales a Diesel<\/strong><\/p>\n\n\n\n<p>La capacidad abarca desde 50\u202fkVA hasta 2000\/\u202fkVA. Dise\u00f1ados para aplicaciones exigentes como plantas de manufactura, centros de datos, hospitales e instalaciones cr\u00edticas. Ofrecen alto rendimiento, autonom\u00eda prolongada y robustez para operaci\u00f3n continua o respaldo de emergencia. Cuentan con cabinas insonorizadas, sistemas de control avanzados y opciones de\u00a0sincronizaci\u00f3n.<\/p>\n\n\n\n<div class=\"wp-block-buttons is-content-justification-center is-layout-flex wp-container-core-buttons-is-layout-a89b3969 wp-block-buttons-is-layout-flex\">\n<div class=\"wp-block-button\"><a class=\"wp-block-button__link has-text-align-center wp-element-button\" href=\"https:\/\/kraftindustries.com\/es\/generadores-industriales-a-diesel\/\">Sabe m\u00e1s&#8230;<\/a><\/div>\n<\/div>\n<\/div><\/div>\n\n\n\n<p><\/p>","protected":false},"excerpt":{"rendered":"","protected":false},"author":1,"featured_media":0,"parent":0,"menu_order":0,"comment_status":"closed","ping_status":"closed","template":"","meta":{"footnotes":""},"class_list":["post-266","page","type-page","status-publish","hentry"],"_links":{"self":[{"href":"https:\/\/kraftindustries.com\/es\/wp-json\/wp\/v2\/pages\/266","targetHints":{"allow":["GET"]}}],"collection":[{"href":"https:\/\/kraftindustries.com\/es\/wp-json\/wp\/v2\/pages"}],"about":[{"href":"https:\/\/kraftindustries.com\/es\/wp-json\/wp\/v2\/types\/page"}],"author":[{"embeddable":true,"href":"https:\/\/kraftindustries.com\/es\/wp-json\/wp\/v2\/users\/1"}],"replies":[{"embeddable":true,"href":"https:\/\/kraftindustries.com\/es\/wp-json\/wp\/v2\/comments?post=266"}],"version-history":[{"count":15,"href":"https:\/\/kraftindustries.com\/es\/wp-json\/wp\/v2\/pages\/266\/revisions"}],"predecessor-version":[{"id":331,"href":"https:\/\/kraftindustries.com\/es\/wp-json\/wp\/v2\/pages\/266\/revisions\/331"}],"wp:attachment":[{"href":"https:\/\/kraftindustries.com\/es\/wp-json\/wp\/v2\/media?parent=266"}],"curies":[{"name":"wp","href":"https:\/\/api.w.org\/{rel}","templated":true}]}}