{"id":192,"date":"2025-08-19T19:13:21","date_gmt":"2025-08-19T19:13:21","guid":{"rendered":"https:\/\/kraftindustries.com\/?page_id=192"},"modified":"2025-08-19T19:20:59","modified_gmt":"2025-08-19T19:20:59","slug":"nosotros","status":"publish","type":"page","link":"https:\/\/kraftindustries.com\/es\/nosotros\/","title":{"rendered":"Nosotros&#8230;"},"content":{"rendered":"<div class=\"wp-block-group alignwide is-nowrap is-layout-flex wp-container-core-group-is-layout-6c531013 wp-block-group-is-layout-flex\">\n<figure class=\"wp-block-image size-large is-resized\"><img loading=\"lazy\" decoding=\"async\" width=\"1024\" height=\"640\" src=\"http:\/\/kraftindustries.com\/wp-content\/uploads\/2025\/08\/v2-banner-data-center-1-1-1024x640.jpg\" alt=\"\" class=\"wp-image-18\" style=\"width:647px;height:auto\" srcset=\"https:\/\/kraftindustries.com\/wp-content\/uploads\/2025\/08\/v2-banner-data-center-1-1-1024x640.jpg 1024w, https:\/\/kraftindustries.com\/wp-content\/uploads\/2025\/08\/v2-banner-data-center-1-1-300x188.jpg 300w, https:\/\/kraftindustries.com\/wp-content\/uploads\/2025\/08\/v2-banner-data-center-1-1-768x480.jpg 768w, https:\/\/kraftindustries.com\/wp-content\/uploads\/2025\/08\/v2-banner-data-center-1-1.jpg 1200w\" sizes=\"auto, (max-width: 1024px) 100vw, 1024px\" \/><\/figure>\n\n\n\n<blockquote class=\"wp-block-quote is-style-plain is-layout-flow wp-block-quote-is-layout-flow is-style-plain--1\">\n<p><strong>Somos Kraft Industries, una empresa de infraestructura de TI y energ\u00eda de alta tecnolog\u00eda, orgullosamente el proveedor total de soluciones energ\u00e9ticas.<\/strong><\/p>\n\n\n\n<p><strong>En los \u00faltimos a\u00f1os, nos hemos dedicado a proporcionar productos y servicios de alta calidad a clientes globales.\u00a0Hasta ahora, hemos llegado a clientes y socios de m\u00e1s de 20 pa\u00edses y \u00e1reas en gobierno, finanzas, Internet, tr\u00e1fico, electricidad e industria.<\/strong><\/p>\n\n\n\n<p><strong>Nuestro objetivo es ofrecer soluciones r\u00e1pidas y personalizadas a nuestros clientes e innovaci\u00f3n continua para productos y servicios m\u00e1s competitivos.<\/strong><\/p>\n<\/blockquote>\n<\/div>\n\n\n\n<div class=\"wp-block-cover alignfull is-light has-parallax\" style=\"padding-top:var(--wp--preset--spacing--50);padding-right:var(--wp--preset--spacing--50);padding-bottom:var(--wp--preset--spacing--50);padding-left:var(--wp--preset--spacing--50);min-height:100vh;aspect-ratio:unset;\"><div class=\"wp-block-cover__image-background wp-image-196 size-large has-parallax\" style=\"background-position:50% 50%;background-image:url(https:\/\/kraftindustries.com\/wp-content\/uploads\/2025\/08\/tipos-de-baterias-para-estaciones-de-energia-cual-elegir-segun-tu-necesidad-1024x512.jpeg)\"><\/div><span aria-hidden=\"true\" class=\"wp-block-cover__background has-base-background-color has-background-dim-0 has-background-dim\"><\/span><div class=\"wp-block-cover__inner-container has-global-padding is-layout-constrained wp-container-core-cover-is-layout-e4fd886c wp-block-cover-is-layout-constrained\">\n<div style=\"height:500px\" aria-hidden=\"true\" class=\"wp-block-spacer\"><\/div>\n<\/div><\/div>\n\n\n\n<p><\/p>","protected":false},"excerpt":{"rendered":"<p>Somos Kraft Industries, una empresa de infraestructura de TI y energ\u00eda de alta tecnolog\u00eda, orgullosamente el proveedor total de soluciones energ\u00e9ticas. En los \u00faltimos a\u00f1os, nos hemos dedicado a proporcionar productos y servicios de alta calidad a clientes globales.\u00a0Hasta ahora, hemos llegado a clientes y socios de m\u00e1s de 20 pa\u00edses y \u00e1reas en gobierno, [&hellip;]<\/p>\n","protected":false},"author":1,"featured_media":0,"parent":0,"menu_order":0,"comment_status":"closed","ping_status":"closed","template":"","meta":{"footnotes":""},"class_list":["post-192","page","type-page","status-publish","hentry"],"_links":{"self":[{"href":"https:\/\/kraftindustries.com\/es\/wp-json\/wp\/v2\/pages\/192","targetHints":{"allow":["GET"]}}],"collection":[{"href":"https:\/\/kraftindustries.com\/es\/wp-json\/wp\/v2\/pages"}],"about":[{"href":"https:\/\/kraftindustries.com\/es\/wp-json\/wp\/v2\/types\/page"}],"author":[{"embeddable":true,"href":"https:\/\/kraftindustries.com\/es\/wp-json\/wp\/v2\/users\/1"}],"replies":[{"embeddable":true,"href":"https:\/\/kraftindustries.com\/es\/wp-json\/wp\/v2\/comments?post=192"}],"version-history":[{"count":3,"href":"https:\/\/kraftindustries.com\/es\/wp-json\/wp\/v2\/pages\/192\/revisions"}],"predecessor-version":[{"id":198,"href":"https:\/\/kraftindustries.com\/es\/wp-json\/wp\/v2\/pages\/192\/revisions\/198"}],"wp:attachment":[{"href":"https:\/\/kraftindustries.com\/es\/wp-json\/wp\/v2\/media?parent=192"}],"curies":[{"name":"wp","href":"https:\/\/api.w.org\/{rel}","templated":true}]}}