{"id":182,"date":"2025-08-19T18:51:56","date_gmt":"2025-08-19T18:51:56","guid":{"rendered":"https:\/\/kraftindustries.com\/?page_id=182"},"modified":"2025-11-08T21:53:08","modified_gmt":"2025-11-08T21:53:08","slug":"ht33-60-500kva","status":"publish","type":"page","link":"https:\/\/kraftindustries.com\/es\/ht33-60-500kva\/","title":{"rendered":"HT33 60-500kVA"},"content":{"rendered":"\n<div class=\"wp-block-group alignwide is-content-justification-center is-nowrap is-layout-flex wp-container-core-group-is-layout-23441af8 wp-block-group-is-layout-flex\">\n<h2 class=\"wp-block-heading has-body-font-family wp-container-content-9cfa9a5a\" style=\"font-style:normal;font-weight:700\">Caracter\u00edsticas<\/h2>\n\n\n\n<div class=\"wp-block-group is-nowrap is-layout-flex wp-container-core-group-is-layout-6c531013 wp-block-group-is-layout-flex\"><\/div>\n\n\n\n<ul class=\"wp-block-list\">\n<li>Alta eficiencia, encima de 96%.<\/li>\n\n\n\n<li>Factor de potencia de entrada &gt; 99%<\/li>\n\n\n\n<li>Corriente de Entreda &lt; 3%.<\/li>\n\n\n\n<li>Protecci\u00f3n contra sobrecarga, falla de componentes, corto circuito, etc.<\/li>\n\n\n\n<li>Arranque en fr\u00edo con bater\u00edas<\/li>\n\n\n\n<li>Sistema de gesti\u00f3n de Banco de Bater\u00edas<\/li>\n\n\n\n<li>Paralelizaci\u00f3n hasta 1500kVA<\/li>\n\n\n\n<li>Dise\u00f1o modular del sub-sistema, lo que lo hace ideal para matenimiento<\/li>\n\n\n\n<li>LCD de alta definici\u00f3n y de f\u00e1cil operaci\u00f3n<\/li>\n<\/ul>\n<\/div>\n\n\n\n<div style=\"height:11px\" aria-hidden=\"true\" class=\"wp-block-spacer\"><\/div>\n\n\n<div\n    class=\"align wp-block-bsb-slider\"    id='bsbCarousel-d8497d5d-f' \n    data-attributes='{&quot;layoutType&quot;:&quot;default&quot;,&quot;sourceType&quot;:&quot;image&quot;,&quot;cId&quot;:&quot;d8497d5d-f&quot;,&quot;sliders&quot;:[{&quot;img&quot;:{&quot;id&quot;:54,&quot;url&quot;:&quot;http:\\\/\\\/kraftindustries.com\\\/wp-content\\\/uploads\\\/2025\\\/08\\\/ht33-500k-1.jpg&quot;,&quot;alt&quot;:&quot;&quot;,&quot;title&quot;:&quot;ht33-500k-1&quot;,&quot;caption&quot;:&quot;&quot;},&quot;video&quot;:&quot;&quot;,&quot;title&quot;:&quot;&quot;,&quot;desc&quot;:&quot;&quot;,&quot;btnLabel&quot;:&quot;&quot;,&quot;btnUrl&quot;:&quot;https:\\\/\\\/wordpress.org\\\/plugins\\\/b-slider\\\/&quot;,&quot;target&quot;:false,&quot;altText&quot;:&quot;&quot;},{&quot;img&quot;:{&quot;id&quot;:53,&quot;url&quot;:&quot;http:\\\/\\\/kraftindustries.com\\\/wp-content\\\/uploads\\\/2025\\\/08\\\/ht33-500k.jpg&quot;,&quot;alt&quot;:&quot;&quot;,&quot;title&quot;:&quot;ht33-500k&quot;,&quot;caption&quot;:&quot;&quot;},&quot;video&quot;:&quot;&quot;,&quot;isPoster&quot;:true,&quot;title&quot;:&quot;&quot;,&quot;desc&quot;:&quot;&quot;,&quot;btnLabel&quot;:&quot;&quot;,&quot;btnUrl&quot;:&quot;https:\\\/\\\/wordpress.org\\\/plugins\\\/b-slider\\\/&quot;,&quot;target&quot;:false,&quot;altText&quot;:&quot;&quot;}],&quot;arrow&quot;:{&quot;visibility&quot;:true,&quot;size&quot;:50,&quot;color&quot;:&quot;#fff&quot;,&quot;bg&quot;:&quot;transparent&quot;,&quot;bgType&quot;:&quot;gradient&quot;},&quot;indicator&quot;:{&quot;visibility&quot;:true,&quot;type&quot;:&quot;default&quot;,&quot;style&quot;:&quot;dot&quot;,&quot;color&quot;:&quot;#000&quot;,&quot;activeColor&quot;:&quot;#fff&quot;,&quot;width&quot;:&quot;10px&quot;,&quot;height&quot;:&quot;10px&quot;,&quot;radius&quot;:&quot;50%&quot;,&quot;activeBorder&quot;:{&quot;color&quot;:&quot;#e1e1e1&quot;,&quot;style&quot;:&quot;solid&quot;,&quot;width&quot;:&quot;4px&quot;},&quot;moveFromEdge&quot;:&quot;-15px&quot;,&quot;position&quot;:&quot;bottom-center&quot;,&quot;direction&quot;:&quot;horizontal&quot;},&quot;SliderOverly&quot;:&quot;rgba(0, 0, 0, 0)&quot;,&quot;options&quot;:{&quot;interval&quot;:3500,&quot;ride&quot;:true,&quot;pause&quot;:true,&quot;height&quot;:400,&quot;shuffle&quot;:false},&quot;animation&quot;:&quot;carousel-fade&quot;,&quot;align&quot;:&quot;&quot;,&quot;postsQuery&quot;:{&quot;post_type&quot;:&quot;post&quot;,&quot;selectedCategories&quot;:[],&quot;selectedTags&quot;:[],&quot;per_page&quot;:12,&quot;orderby&quot;:&quot;date&quot;,&quot;order&quot;:&quot;desc&quot;,&quot;offset&quot;:0,&quot;include&quot;:[],&quot;exclude&quot;:[],&quot;selectedTaxonomies&quot;:[],&quot;isExcludeCurrent&quot;:false,&quot;isExcerptFromContent&quot;:true,&quot;excerptLength&quot;:25,&quot;paginationCurrentPage&quot;:1,&quot;fImgSize&quot;:&quot;full&quot;,&quot;metaDateFormat&quot;:&quot;M j, Y&quot;},&quot;woocommerceQuery&quot;:{&quot;categories&quot;:[],&quot;limit&quot;:-1,&quot;order_by&quot;:&quot;menu_order&quot;,&quot;order&quot;:&quot;&quot;},&quot;button&quot;:{&quot;text&quot;:&quot;Learn More&quot;},&quot;columns&quot;:{&quot;desktop&quot;:3,&quot;tablet&quot;:2,&quot;mobile&quot;:1},&quot;columnGap&quot;:&quot;30px&quot;,&quot;rowGap&quot;:&quot;30px&quot;,&quot;carousel&quot;:{&quot;carouselStyle&quot;:&quot;standard&quot;,&quot;isAutoPlay&quot;:true,&quot;autoPlayDelay&quot;:2000,&quot;mousewheel&quot;:false,&quot;effect&quot;:&quot;none&quot;,&quot;grabCursor&quot;:false,&quot;loop&quot;:true,&quot;reverseDirection&quot;:false,&quot;caroDirection&quot;:&quot;horizontal&quot;,&quot;navigation&quot;:true,&quot;pagination&quot;:true},&quot;grid&quot;:{&quot;paginationType&quot;:&quot;pagination&quot;,&quot;loadMoreBtn&quot;:{&quot;typo&quot;:{&quot;fontSize&quot;:{&quot;desktop&quot;:25,&quot;tablet&quot;:20,&quot;mobile&quot;:15},&quot;fontWeight&quot;:700,&quot;lineHeight&quot;:&quot;135%&quot;},&quot;colors&quot;:{&quot;color&quot;:&quot;#000&quot;,&quot;bg&quot;:&quot;#f0f0f1&quot;},&quot;hovColors&quot;:{&quot;color&quot;:&quot;#fff&quot;,&quot;bg&quot;:&quot;#000&quot;},&quot;padding&quot;:{&quot;top&quot;:&quot;10px&quot;,&quot;right&quot;:&quot;20px&quot;,&quot;bottom&quot;:&quot;10px&quot;,&quot;left&quot;:&quot;20px&quot;},&quot;border&quot;:{&quot;color&quot;:&quot;#e1e1e1&quot;,&quot;style&quot;:&quot;solid&quot;,&quot;width&quot;:&quot;0px&quot;},&quot;radius&quot;:{&quot;top&quot;:&quot;3px&quot;,&quot;right&quot;:&quot;3px&quot;,&quot;bottom&quot;:&quot;3px&quot;,&quot;left&quot;:&quot;3px&quot;}}},&quot;thumbnails&quot;:{&quot;overly&quot;:{&quot;color&quot;:&quot;&quot;},&quot;height&quot;:{&quot;desktop&quot;:&quot;120px&quot;,&quot;tablet&quot;:&quot;&quot;,&quot;mobile&quot;:&quot;&quot;},&quot;position&quot;:{&quot;desktop&quot;:&quot;bottom&quot;},&quot;width&quot;:{&quot;desktop&quot;:&quot;30%&quot;,&quot;tablet&quot;:&quot;20%&quot;,&quot;mobile&quot;:&quot;15%&quot;},&quot;active&quot;:{&quot;color&quot;:&quot;#00000000&quot;,&quot;border&quot;:{&quot;color&quot;:&quot;#000&quot;,&quot;style&quot;:&quot;solid&quot;,&quot;width&quot;:&quot;0px&quot;}}},&quot;videoConf&quot;:{&quot;controls&quot;:{&quot;play-large&quot;:true,&quot;restart&quot;:false,&quot;rewind&quot;:true,&quot;play&quot;:true,&quot;fast-forward&quot;:true,&quot;progress&quot;:true,&quot;current-time&quot;:true,&quot;duration&quot;:false,&quot;mute&quot;:true,&quot;volume&quot;:true,&quot;pip&quot;:false,&quot;airplay&quot;:false,&quot;settings&quot;:true,&quot;download&quot;:false,&quot;fullscreen&quot;:true},&quot;isPopup&quot;:true,&quot;icon&quot;:true,&quot;repeat&quot;:false,&quot;isAutoPlay&quot;:false,&quot;muted&quot;:false,&quot;resetOnEnd&quot;:false,&quot;autoHideControl&quot;:true},&quot;title&quot;:{&quot;tag&quot;:&quot;h5&quot;},&quot;titleFCaption&quot;:false,&quot;titleAnimation&quot;:{&quot;effect&quot;:&quot;fadeInLeft&quot;,&quot;delay&quot;:0,&quot;duration&quot;:0.7},&quot;descAnimation&quot;:{&quot;effect&quot;:&quot;fadeInRight&quot;,&quot;delay&quot;:0.7,&quot;duration&quot;:0.7},&quot;btnAnimation&quot;:{&quot;effect&quot;:&quot;zoomIn&quot;,&quot;delay&quot;:1.4,&quot;duration&quot;:0.7},&quot;isMouseWheel&quot;:false,&quot;isArrowFollowSlide&quot;:false,&quot;isMouseDrag&quot;:false,&quot;slideInnerGap&quot;:&quot;180px&quot;,&quot;slideInnerGapDevice&quot;:{&quot;desktop&quot;:&quot;180px&quot;,&quot;tablet&quot;:&quot;140px&quot;,&quot;mobile&quot;:&quot;100px&quot;},&quot;titleTypo&quot;:{&quot;fontSize&quot;:{&quot;desktop&quot;:20,&quot;tablet&quot;:20,&quot;mobile&quot;:15},&quot;fontWeight&quot;:700,&quot;lineHeight&quot;:&quot;135%&quot;},&quot;titleColor&quot;:&quot;#fff&quot;,&quot;titleMargin&quot;:{&quot;top&quot;:&quot;5px&quot;,&quot;right&quot;:&quot;0px&quot;,&quot;bottom&quot;:&quot;5px&quot;,&quot;left&quot;:&quot;0px&quot;},&quot;descTypo&quot;:{&quot;fontSize&quot;:{&quot;desktop&quot;:18,&quot;tablet&quot;:20,&quot;mobile&quot;:15},&quot;fontWeight&quot;:400,&quot;lineHeight&quot;:&quot;135%&quot;},&quot;descColor&quot;:&quot;#fff&quot;,&quot;descMargin&quot;:{&quot;top&quot;:&quot;5px&quot;,&quot;right&quot;:&quot;0px&quot;,&quot;bottom&quot;:&quot;5px&quot;,&quot;left&quot;:&quot;0px&quot;},&quot;btnTypo&quot;:{&quot;fontSize&quot;:{&quot;desktop&quot;:20,&quot;tablet&quot;:20,&quot;mobile&quot;:15},&quot;fontWeight&quot;:500,&quot;lineHeight&quot;:&quot;135%&quot;},&quot;btnColors&quot;:{&quot;color&quot;:&quot;#fff&quot;,&quot;bg&quot;:&quot;&quot;},&quot;btnHovColors&quot;:{&quot;color&quot;:&quot;#000&quot;,&quot;bg&quot;:&quot;#fff&quot;},&quot;btnPadding&quot;:{&quot;top&quot;:&quot;5px&quot;,&quot;right&quot;:&quot;8px&quot;,&quot;bottom&quot;:&quot;5px&quot;,&quot;left&quot;:&quot;8px&quot;},&quot;btnBorder&quot;:{&quot;color&quot;:&quot;#e1e1e1&quot;,&quot;style&quot;:&quot;solid&quot;,&quot;width&quot;:&quot;3px&quot;},&quot;btnRadius&quot;:&quot;0px&quot;,&quot;arrowWidth&quot;:&quot;50px&quot;,&quot;deviceArrowWidth&quot;:{&quot;desktop&quot;:&quot;50px&quot;,&quot;tablet&quot;:&quot;40px&quot;,&quot;mobile&quot;:&quot;30px&quot;},&quot;deviceArrowHeight&quot;:{&quot;desktop&quot;:&quot;50px&quot;,&quot;tablet&quot;:&quot;40px&quot;,&quot;mobile&quot;:&quot;30px&quot;},&quot;arrowHeight&quot;:&quot;50px&quot;,&quot;arrowRadius&quot;:{&quot;top&quot;:&quot;3px&quot;,&quot;bottom&quot;:&quot;3px&quot;,&quot;left&quot;:&quot;3px&quot;,&quot;right&quot;:&quot;3px&quot;},&quot;arrowBorder&quot;:{&quot;color&quot;:&quot;#000&quot;,&quot;style&quot;:&quot;solid&quot;,&quot;width&quot;:&quot;0px&quot;},&quot;arrowStyle&quot;:&quot;style1&quot;,&quot;direction&quot;:&quot;default&quot;,&quot;position&quot;:&quot;bottom center&quot;,&quot;height&quot;:&quot;450px&quot;,&quot;sliderHeight&quot;:[],&quot;borderRadius&quot;:{&quot;top&quot;:&quot;3px&quot;,&quot;right&quot;:&quot;3px&quot;,&quot;bottom&quot;:&quot;3px&quot;,&quot;left&quot;:&quot;3px&quot;},&quot;margin&quot;:{&quot;top&quot;:&quot;0px&quot;,&quot;right&quot;:&quot;0px&quot;,&quot;bottom&quot;:&quot;0px&quot;,&quot;left&quot;:&quot;0px&quot;},&quot;isLazyLoad&quot;:false,&quot;TrpContentRestriction&quot;:{&quot;restriction_type&quot;:&quot;exclude&quot;,&quot;selected_languages&quot;:[],&quot;panel_open&quot;:true}}'\n    data-nonce='&quot;299364c45d&quot;'\n    data-totalposts=2>\n    <pre id='posts' style='display: none;'>\n        [{&quot;id&quot;:&quot;261&quot;,&quot;link&quot;:&quot;https:\\\/\\\/kraftindustries.com\\\/es\\\/generadores\\\/generadores-electrogenos\\\/&quot;,&quot;name&quot;:&quot;generadores-electrogenos&quot;,&quot;thumbnail&quot;:{&quot;url&quot;:false,&quot;alt&quot;:false},&quot;title&quot;:&quot;Generadores Electrogenos&quot;,&quot;author&quot;:{&quot;name&quot;:&quot;admin&quot;,&quot;link&quot;:&quot;https:\\\/\\\/kraftindustries.com\\\/es\\\/author\\\/admin\\\/&quot;},&quot;date&quot;:&quot;Oct 6, 2025&quot;,&quot;dateGMT&quot;:&quot;2025-10-06 20:05:03&quot;,&quot;modifiedDate&quot;:&quot;2025-10-06 20:05:03&quot;,&quot;modifiedDateGMT&quot;:&quot;2025-10-06 20:05:03&quot;,&quot;commentCount&quot;:&quot;0&quot;,&quot;commentStatus&quot;:&quot;open&quot;,&quot;categories&quot;:{&quot;coma&quot;:&quot;&lt;a href=\\&quot;https:\\\/\\\/kraftindustries.com\\\/es\\\/category\\\/generadores\\\/\\&quot; rel=\\&quot;category tag\\&quot;&gt;Generadores&lt;\\\/a&gt;&quot;,&quot;space&quot;:&quot;&lt;a href=\\&quot;https:\\\/\\\/kraftindustries.com\\\/es\\\/category\\\/generadores\\\/\\&quot; rel=\\&quot;category tag\\&quot;&gt;Generadores&lt;\\\/a&gt;&quot;},&quot;taxonomies&quot;:{&quot;post_tag&quot;:&quot;&quot;},&quot;readTime&quot;:{&quot;min&quot;:0,&quot;sec&quot;:0},&quot;status&quot;:&quot;publish&quot;,&quot;content&quot;:&quot;&quot;},{&quot;id&quot;:&quot;1&quot;,&quot;link&quot;:&quot;https:\\\/\\\/kraftindustries.com\\\/es\\\/uncategorized\\\/hello-world\\\/&quot;,&quot;name&quot;:&quot;hello-world&quot;,&quot;thumbnail&quot;:{&quot;url&quot;:false,&quot;alt&quot;:false},&quot;title&quot;:&quot;Hello world!&quot;,&quot;author&quot;:{&quot;name&quot;:&quot;admin&quot;,&quot;link&quot;:&quot;https:\\\/\\\/kraftindustries.com\\\/es\\\/author\\\/admin\\\/&quot;},&quot;date&quot;:&quot;Ago 18, 2025&quot;,&quot;dateGMT&quot;:&quot;2025-08-18 12:39:47&quot;,&quot;modifiedDate&quot;:&quot;2025-08-18 12:39:47&quot;,&quot;modifiedDateGMT&quot;:&quot;2025-08-18 12:39:47&quot;,&quot;commentCount&quot;:&quot;1&quot;,&quot;commentStatus&quot;:&quot;open&quot;,&quot;categories&quot;:{&quot;coma&quot;:&quot;&lt;a href=\\&quot;https:\\\/\\\/kraftindustries.com\\\/es\\\/category\\\/uncategorized\\\/\\&quot; rel=\\&quot;category tag\\&quot;&gt;Uncategorized&lt;\\\/a&gt;&quot;,&quot;space&quot;:&quot;&lt;a href=\\&quot;https:\\\/\\\/kraftindustries.com\\\/es\\\/category\\\/uncategorized\\\/\\&quot; rel=\\&quot;category tag\\&quot;&gt;Uncategorized&lt;\\\/a&gt;&quot;},&quot;taxonomies&quot;:{&quot;post_tag&quot;:&quot;&quot;},&quot;readTime&quot;:{&quot;min&quot;:0,&quot;sec&quot;:5},&quot;status&quot;:&quot;publish&quot;,&quot;content&quot;:&quot;Welcome to WordPress. This is your first post. Edit or delete it, then start writing!&quot;}]    <\/pre>\n<\/div>\n\n \n\n\n<div style=\"height:25px\" aria-hidden=\"true\" class=\"wp-block-spacer\"><\/div>\n\n\n\n<h2 class=\"wp-block-heading alignwide has-text-align-center has-body-font-family\" style=\"font-style:normal;font-weight:700\">DataSheet<\/h2>\n\n\n\n<div class=\"wp-block-columns is-layout-flex wp-container-core-columns-is-layout-28f84493 wp-block-columns-is-layout-flex\">\n<div class=\"wp-block-column is-layout-flow wp-block-column-is-layout-flow\" style=\"flex-basis:100%\">\n<div class=\"wp-block-buttons is-content-justification-center is-layout-flex wp-container-core-buttons-is-layout-a89b3969 wp-block-buttons-is-layout-flex\">\n<div class=\"wp-block-button\"><a class=\"wp-block-button__link wp-element-button\" href=\"http:\/\/kraftindustries.com\/wp-content\/uploads\/2025\/09\/DS_Kraft_UPS_HT33_60_500_kVA-2.pdf\" target=\"_blank\" rel=\"noreferrer noopener\">Descargar<\/a><\/div>\n<\/div>\n<\/div>\n<\/div>\n\n\n\n<div class=\"wp-block-group has-global-padding is-layout-constrained wp-block-group-is-layout-constrained\"><\/div>\n\n\n\n<div style=\"height:6px\" aria-hidden=\"true\" class=\"wp-block-spacer\"><\/div>\n\n\n\n<p><\/p>\n","protected":false},"excerpt":{"rendered":"<p>Caracter\u00edsticas DataSheet<\/p>","protected":false},"author":1,"featured_media":0,"parent":0,"menu_order":0,"comment_status":"closed","ping_status":"closed","template":"","meta":{"footnotes":""},"class_list":["post-182","page","type-page","status-publish","hentry"],"_links":{"self":[{"href":"https:\/\/kraftindustries.com\/es\/wp-json\/wp\/v2\/pages\/182","targetHints":{"allow":["GET"]}}],"collection":[{"href":"https:\/\/kraftindustries.com\/es\/wp-json\/wp\/v2\/pages"}],"about":[{"href":"https:\/\/kraftindustries.com\/es\/wp-json\/wp\/v2\/types\/page"}],"author":[{"embeddable":true,"href":"https:\/\/kraftindustries.com\/es\/wp-json\/wp\/v2\/users\/1"}],"replies":[{"embeddable":true,"href":"https:\/\/kraftindustries.com\/es\/wp-json\/wp\/v2\/comments?post=182"}],"version-history":[{"count":23,"href":"https:\/\/kraftindustries.com\/es\/wp-json\/wp\/v2\/pages\/182\/revisions"}],"predecessor-version":[{"id":330,"href":"https:\/\/kraftindustries.com\/es\/wp-json\/wp\/v2\/pages\/182\/revisions\/330"}],"wp:attachment":[{"href":"https:\/\/kraftindustries.com\/es\/wp-json\/wp\/v2\/media?parent=182"}],"curies":[{"name":"wp","href":"https:\/\/api.w.org\/{rel}","templated":true}]}}