{"id":165,"date":"2025-08-19T18:24:08","date_gmt":"2025-08-19T18:24:08","guid":{"rendered":"https:\/\/kraftindustries.com\/?page_id=165"},"modified":"2025-09-04T12:16:24","modified_gmt":"2025-09-04T12:16:24","slug":"ht33-10-40kva","status":"publish","type":"page","link":"https:\/\/kraftindustries.com\/es\/ht33-10-40kva\/","title":{"rendered":"HT33 10-40kVA"},"content":{"rendered":"\n<div class=\"wp-block-group alignwide is-nowrap is-layout-flex wp-container-core-group-is-layout-6c531013 wp-block-group-is-layout-flex\">\n<h2 class=\"wp-block-heading has-body-font-family has-x-large-font-size\" style=\"font-style:normal;font-weight:800\"><strong>Caracter\u00edsticas<\/strong><\/h2>\n\n\n\n<div class=\"wp-block-group is-nowrap is-layout-flex wp-container-core-group-is-layout-6c531013 wp-block-group-is-layout-flex\"><\/div>\n\n\n\n<ul class=\"wp-block-list\">\n<li>Alta eficiencia, encima de 96%<\/li>\n\n\n\n<li>Factor de potencia de entrda > 99%<\/li>\n\n\n\n<li>Corriente de Entreda &lt; 3%<\/li>\n\n\n\n<li>Protecci\u00f3n contra sobrecarga, falla de componentes, corto circuito, etc.<\/li>\n\n\n\n<li>Control mediante DSP<\/li>\n\n\n\n<li>Sistema de gesti\u00f3n de Banco de Bater\u00edas<\/li>\n\n\n\n<li>Paralelizaci\u00f3n hasta 8 (ocho) unidades<\/li>\n\n\n\n<li>LCD de alta definici\u00f3n y de f\u00e1cil operaci\u00f3n<\/li>\n<\/ul>\n<\/div>\n\n\n\n<hr class=\"wp-block-separator alignfull has-alpha-channel-opacity\"\/>\n\n\n<div\n    class=\"align wp-block-bsb-slider\"    id='bsbCarousel-e0698a16-9' \n    data-attributes='{&quot;layoutType&quot;:&quot;default&quot;,&quot;sourceType&quot;:&quot;image&quot;,&quot;cId&quot;:&quot;e0698a16-9&quot;,&quot;sliders&quot;:[{&quot;img&quot;:{&quot;id&quot;:52,&quot;url&quot;:&quot;http:\\\/\\\/kraftindustries.com\\\/wp-content\\\/uploads\\\/2025\\\/08\\\/ht33-2-1.jpg&quot;,&quot;alt&quot;:&quot;&quot;,&quot;title&quot;:&quot;ht33-2-1&quot;,&quot;caption&quot;:&quot;&quot;},&quot;video&quot;:&quot;&quot;,&quot;title&quot;:&quot;&quot;,&quot;desc&quot;:&quot;&quot;,&quot;btnLabel&quot;:&quot;&quot;,&quot;btnUrl&quot;:&quot;https:\\\/\\\/wordpress.org\\\/plugins\\\/b-slider\\\/&quot;,&quot;target&quot;:false,&quot;altText&quot;:&quot;&quot;},{&quot;img&quot;:{&quot;id&quot;:50,&quot;url&quot;:&quot;http:\\\/\\\/kraftindustries.com\\\/wp-content\\\/uploads\\\/2025\\\/08\\\/ht33-1-2.jpg&quot;,&quot;alt&quot;:&quot;&quot;,&quot;title&quot;:&quot;ht33-1-2&quot;,&quot;caption&quot;:&quot;&quot;},&quot;video&quot;:&quot;&quot;,&quot;isPoster&quot;:true,&quot;title&quot;:&quot;&quot;,&quot;desc&quot;:&quot;&quot;,&quot;btnLabel&quot;:&quot;&quot;,&quot;btnUrl&quot;:&quot;https:\\\/\\\/wordpress.org\\\/plugins\\\/b-slider\\\/&quot;,&quot;target&quot;:false,&quot;altText&quot;:&quot;&quot;}],&quot;arrow&quot;:{&quot;visibility&quot;:true,&quot;size&quot;:55,&quot;color&quot;:&quot;#fff&quot;,&quot;bg&quot;:&quot;transparent&quot;,&quot;bgType&quot;:&quot;gradient&quot;},&quot;indicator&quot;:{&quot;visibility&quot;:true,&quot;type&quot;:&quot;default&quot;,&quot;style&quot;:&quot;dot&quot;,&quot;color&quot;:&quot;rgba(0, 0, 0, 1)&quot;,&quot;activeColor&quot;:&quot;rgba(255, 255, 255, 1)&quot;,&quot;width&quot;:&quot;10px&quot;,&quot;height&quot;:&quot;10px&quot;,&quot;radius&quot;:&quot;50%&quot;,&quot;activeBorder&quot;:{&quot;color&quot;:&quot;#e1e1e1&quot;,&quot;style&quot;:&quot;solid&quot;,&quot;width&quot;:&quot;4px&quot;},&quot;moveFromEdge&quot;:&quot;-15px&quot;,&quot;position&quot;:&quot;bottom-center&quot;,&quot;direction&quot;:&quot;horizontal&quot;},&quot;SliderOverly&quot;:&quot;rgba(0, 0, 0, 0)&quot;,&quot;options&quot;:{&quot;interval&quot;:3500,&quot;ride&quot;:true,&quot;pause&quot;:false,&quot;height&quot;:400,&quot;shuffle&quot;:false},&quot;animation&quot;:&quot;carousel-fade&quot;,&quot;align&quot;:&quot;&quot;,&quot;postsQuery&quot;:{&quot;post_type&quot;:&quot;post&quot;,&quot;selectedCategories&quot;:[],&quot;selectedTags&quot;:[],&quot;per_page&quot;:12,&quot;orderby&quot;:&quot;date&quot;,&quot;order&quot;:&quot;desc&quot;,&quot;offset&quot;:0,&quot;include&quot;:[],&quot;exclude&quot;:[],&quot;selectedTaxonomies&quot;:[],&quot;isExcludeCurrent&quot;:false,&quot;isExcerptFromContent&quot;:true,&quot;excerptLength&quot;:25,&quot;paginationCurrentPage&quot;:1,&quot;fImgSize&quot;:&quot;full&quot;,&quot;metaDateFormat&quot;:&quot;M j, Y&quot;},&quot;woocommerceQuery&quot;:{&quot;categories&quot;:[],&quot;limit&quot;:-1,&quot;order_by&quot;:&quot;menu_order&quot;,&quot;order&quot;:&quot;&quot;},&quot;button&quot;:{&quot;text&quot;:&quot;Learn More&quot;},&quot;columns&quot;:{&quot;desktop&quot;:3,&quot;tablet&quot;:2,&quot;mobile&quot;:1},&quot;columnGap&quot;:&quot;30px&quot;,&quot;rowGap&quot;:&quot;30px&quot;,&quot;carousel&quot;:{&quot;carouselStyle&quot;:&quot;standard&quot;,&quot;isAutoPlay&quot;:true,&quot;autoPlayDelay&quot;:2000,&quot;mousewheel&quot;:false,&quot;effect&quot;:&quot;none&quot;,&quot;grabCursor&quot;:false,&quot;loop&quot;:true,&quot;reverseDirection&quot;:false,&quot;caroDirection&quot;:&quot;horizontal&quot;,&quot;navigation&quot;:true,&quot;pagination&quot;:true},&quot;grid&quot;:{&quot;paginationType&quot;:&quot;pagination&quot;,&quot;loadMoreBtn&quot;:{&quot;typo&quot;:{&quot;fontSize&quot;:{&quot;desktop&quot;:25,&quot;tablet&quot;:20,&quot;mobile&quot;:15},&quot;fontWeight&quot;:700,&quot;lineHeight&quot;:&quot;135%&quot;},&quot;colors&quot;:{&quot;color&quot;:&quot;#000&quot;,&quot;bg&quot;:&quot;#f0f0f1&quot;},&quot;hovColors&quot;:{&quot;color&quot;:&quot;#fff&quot;,&quot;bg&quot;:&quot;#000&quot;},&quot;padding&quot;:{&quot;top&quot;:&quot;10px&quot;,&quot;right&quot;:&quot;20px&quot;,&quot;bottom&quot;:&quot;10px&quot;,&quot;left&quot;:&quot;20px&quot;},&quot;border&quot;:{&quot;color&quot;:&quot;#e1e1e1&quot;,&quot;style&quot;:&quot;solid&quot;,&quot;width&quot;:&quot;0px&quot;},&quot;radius&quot;:{&quot;top&quot;:&quot;3px&quot;,&quot;right&quot;:&quot;3px&quot;,&quot;bottom&quot;:&quot;3px&quot;,&quot;left&quot;:&quot;3px&quot;}}},&quot;thumbnails&quot;:{&quot;overly&quot;:{&quot;color&quot;:&quot;&quot;},&quot;height&quot;:{&quot;desktop&quot;:&quot;120px&quot;,&quot;tablet&quot;:&quot;&quot;,&quot;mobile&quot;:&quot;&quot;},&quot;position&quot;:{&quot;desktop&quot;:&quot;bottom&quot;},&quot;width&quot;:{&quot;desktop&quot;:&quot;30%&quot;,&quot;tablet&quot;:&quot;20%&quot;,&quot;mobile&quot;:&quot;15%&quot;},&quot;active&quot;:{&quot;color&quot;:&quot;#00000000&quot;,&quot;border&quot;:{&quot;color&quot;:&quot;#000&quot;,&quot;style&quot;:&quot;solid&quot;,&quot;width&quot;:&quot;0px&quot;}}},&quot;videoConf&quot;:{&quot;controls&quot;:{&quot;play-large&quot;:true,&quot;restart&quot;:false,&quot;rewind&quot;:true,&quot;play&quot;:true,&quot;fast-forward&quot;:true,&quot;progress&quot;:true,&quot;current-time&quot;:true,&quot;duration&quot;:false,&quot;mute&quot;:true,&quot;volume&quot;:true,&quot;pip&quot;:false,&quot;airplay&quot;:false,&quot;settings&quot;:true,&quot;download&quot;:false,&quot;fullscreen&quot;:true},&quot;isPopup&quot;:true,&quot;icon&quot;:true,&quot;repeat&quot;:false,&quot;isAutoPlay&quot;:false,&quot;muted&quot;:false,&quot;resetOnEnd&quot;:false,&quot;autoHideControl&quot;:true},&quot;title&quot;:{&quot;tag&quot;:&quot;h5&quot;},&quot;titleFCaption&quot;:false,&quot;titleAnimation&quot;:{&quot;effect&quot;:&quot;fadeInLeft&quot;,&quot;delay&quot;:0,&quot;duration&quot;:0.7},&quot;descAnimation&quot;:{&quot;effect&quot;:&quot;fadeInRight&quot;,&quot;delay&quot;:0.7,&quot;duration&quot;:0.7},&quot;btnAnimation&quot;:{&quot;effect&quot;:&quot;zoomIn&quot;,&quot;delay&quot;:1.4,&quot;duration&quot;:0.7},&quot;isMouseWheel&quot;:false,&quot;isArrowFollowSlide&quot;:false,&quot;isMouseDrag&quot;:false,&quot;slideInnerGap&quot;:&quot;180px&quot;,&quot;slideInnerGapDevice&quot;:{&quot;desktop&quot;:&quot;180px&quot;,&quot;tablet&quot;:&quot;140px&quot;,&quot;mobile&quot;:&quot;100px&quot;},&quot;titleTypo&quot;:{&quot;fontSize&quot;:{&quot;desktop&quot;:20,&quot;tablet&quot;:20,&quot;mobile&quot;:15},&quot;fontWeight&quot;:700,&quot;lineHeight&quot;:&quot;135%&quot;},&quot;titleColor&quot;:&quot;#fff&quot;,&quot;titleMargin&quot;:{&quot;top&quot;:&quot;5px&quot;,&quot;right&quot;:&quot;0px&quot;,&quot;bottom&quot;:&quot;5px&quot;,&quot;left&quot;:&quot;0px&quot;},&quot;descTypo&quot;:{&quot;fontSize&quot;:{&quot;desktop&quot;:18,&quot;tablet&quot;:20,&quot;mobile&quot;:15},&quot;fontWeight&quot;:400,&quot;lineHeight&quot;:&quot;135%&quot;},&quot;descColor&quot;:&quot;#fff&quot;,&quot;descMargin&quot;:{&quot;top&quot;:&quot;5px&quot;,&quot;right&quot;:&quot;0px&quot;,&quot;bottom&quot;:&quot;5px&quot;,&quot;left&quot;:&quot;0px&quot;},&quot;btnTypo&quot;:{&quot;fontSize&quot;:{&quot;desktop&quot;:20,&quot;tablet&quot;:20,&quot;mobile&quot;:15},&quot;fontWeight&quot;:500,&quot;lineHeight&quot;:&quot;135%&quot;},&quot;btnColors&quot;:{&quot;color&quot;:&quot;#fff&quot;,&quot;bg&quot;:&quot;&quot;},&quot;btnHovColors&quot;:{&quot;color&quot;:&quot;#000&quot;,&quot;bg&quot;:&quot;#fff&quot;},&quot;btnPadding&quot;:{&quot;top&quot;:&quot;5px&quot;,&quot;right&quot;:&quot;8px&quot;,&quot;bottom&quot;:&quot;5px&quot;,&quot;left&quot;:&quot;8px&quot;},&quot;btnBorder&quot;:{&quot;color&quot;:&quot;#e1e1e1&quot;,&quot;style&quot;:&quot;solid&quot;,&quot;width&quot;:&quot;3px&quot;},&quot;btnRadius&quot;:&quot;0px&quot;,&quot;arrowWidth&quot;:&quot;50px&quot;,&quot;deviceArrowWidth&quot;:{&quot;desktop&quot;:&quot;50px&quot;,&quot;tablet&quot;:&quot;40px&quot;,&quot;mobile&quot;:&quot;30px&quot;},&quot;deviceArrowHeight&quot;:{&quot;desktop&quot;:&quot;50px&quot;,&quot;tablet&quot;:&quot;40px&quot;,&quot;mobile&quot;:&quot;30px&quot;},&quot;arrowHeight&quot;:&quot;50px&quot;,&quot;arrowRadius&quot;:{&quot;top&quot;:&quot;3px&quot;,&quot;bottom&quot;:&quot;3px&quot;,&quot;left&quot;:&quot;3px&quot;,&quot;right&quot;:&quot;3px&quot;},&quot;arrowBorder&quot;:{&quot;color&quot;:&quot;#000&quot;,&quot;style&quot;:&quot;solid&quot;,&quot;width&quot;:&quot;0px&quot;},&quot;arrowStyle&quot;:&quot;style1&quot;,&quot;direction&quot;:&quot;default&quot;,&quot;position&quot;:&quot;bottom center&quot;,&quot;height&quot;:&quot;450px&quot;,&quot;sliderHeight&quot;:[],&quot;borderRadius&quot;:{&quot;top&quot;:&quot;3px&quot;,&quot;right&quot;:&quot;3px&quot;,&quot;bottom&quot;:&quot;3px&quot;,&quot;left&quot;:&quot;3px&quot;},&quot;margin&quot;:{&quot;top&quot;:&quot;0px&quot;,&quot;right&quot;:&quot;0px&quot;,&quot;bottom&quot;:&quot;0px&quot;,&quot;left&quot;:&quot;0px&quot;},&quot;isLazyLoad&quot;:false,&quot;TrpContentRestriction&quot;:{&quot;restriction_type&quot;:&quot;exclude&quot;,&quot;selected_languages&quot;:[],&quot;panel_open&quot;:true}}'\n    data-nonce='&quot;299364c45d&quot;'\n    data-totalposts=2>\n    <pre id='posts' style='display: none;'>\n        [{&quot;id&quot;:&quot;261&quot;,&quot;link&quot;:&quot;https:\\\/\\\/kraftindustries.com\\\/es\\\/generadores\\\/generadores-electrogenos\\\/&quot;,&quot;name&quot;:&quot;generadores-electrogenos&quot;,&quot;thumbnail&quot;:{&quot;url&quot;:false,&quot;alt&quot;:false},&quot;title&quot;:&quot;Generadores Electrogenos&quot;,&quot;author&quot;:{&quot;name&quot;:&quot;admin&quot;,&quot;link&quot;:&quot;https:\\\/\\\/kraftindustries.com\\\/es\\\/author\\\/admin\\\/&quot;},&quot;date&quot;:&quot;Oct 6, 2025&quot;,&quot;dateGMT&quot;:&quot;2025-10-06 20:05:03&quot;,&quot;modifiedDate&quot;:&quot;2025-10-06 20:05:03&quot;,&quot;modifiedDateGMT&quot;:&quot;2025-10-06 20:05:03&quot;,&quot;commentCount&quot;:&quot;0&quot;,&quot;commentStatus&quot;:&quot;open&quot;,&quot;categories&quot;:{&quot;coma&quot;:&quot;&lt;a href=\\&quot;https:\\\/\\\/kraftindustries.com\\\/es\\\/category\\\/generadores\\\/\\&quot; rel=\\&quot;category tag\\&quot;&gt;Generadores&lt;\\\/a&gt;&quot;,&quot;space&quot;:&quot;&lt;a href=\\&quot;https:\\\/\\\/kraftindustries.com\\\/es\\\/category\\\/generadores\\\/\\&quot; rel=\\&quot;category tag\\&quot;&gt;Generadores&lt;\\\/a&gt;&quot;},&quot;taxonomies&quot;:{&quot;post_tag&quot;:&quot;&quot;},&quot;readTime&quot;:{&quot;min&quot;:0,&quot;sec&quot;:0},&quot;status&quot;:&quot;publish&quot;,&quot;content&quot;:&quot;&quot;},{&quot;id&quot;:&quot;1&quot;,&quot;link&quot;:&quot;https:\\\/\\\/kraftindustries.com\\\/es\\\/uncategorized\\\/hello-world\\\/&quot;,&quot;name&quot;:&quot;hello-world&quot;,&quot;thumbnail&quot;:{&quot;url&quot;:false,&quot;alt&quot;:false},&quot;title&quot;:&quot;Hello world!&quot;,&quot;author&quot;:{&quot;name&quot;:&quot;admin&quot;,&quot;link&quot;:&quot;https:\\\/\\\/kraftindustries.com\\\/es\\\/author\\\/admin\\\/&quot;},&quot;date&quot;:&quot;Ago 18, 2025&quot;,&quot;dateGMT&quot;:&quot;2025-08-18 12:39:47&quot;,&quot;modifiedDate&quot;:&quot;2025-08-18 12:39:47&quot;,&quot;modifiedDateGMT&quot;:&quot;2025-08-18 12:39:47&quot;,&quot;commentCount&quot;:&quot;1&quot;,&quot;commentStatus&quot;:&quot;open&quot;,&quot;categories&quot;:{&quot;coma&quot;:&quot;&lt;a href=\\&quot;https:\\\/\\\/kraftindustries.com\\\/es\\\/category\\\/uncategorized\\\/\\&quot; rel=\\&quot;category tag\\&quot;&gt;Uncategorized&lt;\\\/a&gt;&quot;,&quot;space&quot;:&quot;&lt;a href=\\&quot;https:\\\/\\\/kraftindustries.com\\\/es\\\/category\\\/uncategorized\\\/\\&quot; rel=\\&quot;category tag\\&quot;&gt;Uncategorized&lt;\\\/a&gt;&quot;},&quot;taxonomies&quot;:{&quot;post_tag&quot;:&quot;&quot;},&quot;readTime&quot;:{&quot;min&quot;:0,&quot;sec&quot;:5},&quot;status&quot;:&quot;publish&quot;,&quot;content&quot;:&quot;Welcome to WordPress. This is your first post. Edit or delete it, then start writing!&quot;}]    <\/pre>\n<\/div>\n\n \n\n\n<figure class=\"wp-block-table alignwide\"><table class=\"has-fixed-layout\"><tbody><tr><td class=\"has-text-align-center\" data-align=\"center\" colspan=\"2\" rowspan=\"2\"><strong>MODEL<\/strong><\/td><td><strong>KHT33010XS<\/strong><\/td><td colspan=\"2\"><strong>K<\/strong><strong>HT33015XS<\/strong><\/td><td colspan=\"2\"><strong>K<\/strong><strong>HT33020XS<\/strong><\/td><td colspan=\"2\"><strong>K<\/strong><strong>HT33030XS<\/strong><\/td><td class=\"has-text-align-center\" data-align=\"center\"><strong>KHT33040XS<\/strong><\/td><\/tr><tr><td class=\"has-text-align-center\" data-align=\"center\"><strong>K<\/strong><strong>HT33010XL<\/strong><\/td><td colspan=\"2\"><strong>K<\/strong><strong>HT33015XL<\/strong><\/td><td colspan=\"2\"><strong>K<\/strong><strong>HT33020XL<\/strong><\/td><td colspan=\"2\"><strong>K<\/strong><strong>HT33030XL<\/strong><\/td><td><strong>K<\/strong><strong>HT33040XL<\/strong><\/td><\/tr><tr><td class=\"has-text-align-center\" data-align=\"center\" colspan=\"2\">Capacity<\/td><td>10kVA<\/td><td colspan=\"2\">15kVA<\/td><td colspan=\"2\">20kVA<\/td><td colspan=\"2\">30kVA<\/td><td class=\"has-text-align-center\" data-align=\"center\">40kVA<\/td><\/tr><tr><td class=\"has-text-align-center\" data-align=\"center\" colspan=\"10\"><strong>Input<\/strong><\/td><\/tr><tr><td class=\"has-text-align-center\" data-align=\"center\" colspan=\"2\">Phase<\/td><td colspan=\"8\">3Ph+N+PE,380V\/400V\/415V(line to line)<\/td><\/tr><tr><td class=\"has-text-align-center\" data-align=\"center\" colspan=\"2\" rowspan=\"2\">Voltage range<\/td><td colspan=\"8\">304-478Vac (Line-Line),full load;<\/td><\/tr><tr><td class=\"has-text-align-center\" data-align=\"center\" colspan=\"8\">228V-304Vac (Line-Line),load decrease linearly according to the min phase voltage<\/td><\/tr><tr><td class=\"has-text-align-center\" data-align=\"center\" colspan=\"2\">Frequency range<\/td><td colspan=\"8\">40-70Hz<\/td><\/tr><tr><td class=\"has-text-align-center\" data-align=\"center\" colspan=\"2\">THDi<\/td><td colspan=\"2\">&lt;4%<\/td><td colspan=\"6\">&lt;3%<\/td><\/tr><tr><td class=\"has-text-align-center\" data-align=\"center\" colspan=\"2\">Power factor<\/td><td colspan=\"8\">&gt;0.99<\/td><\/tr><tr><td class=\"has-text-align-center\" data-align=\"center\" colspan=\"10\"><strong>Output<\/strong><\/td><\/tr><tr><td class=\"has-text-align-center\" data-align=\"center\" colspan=\"2\">Voltage<\/td><td colspan=\"8\">380\/400\/415VAC (Line-Line)<\/td><\/tr><tr><td class=\"has-text-align-center\" data-align=\"center\" colspan=\"2\">Voltage regulation<\/td><td colspan=\"8\">\u00b11%<\/td><\/tr><tr><td class=\"has-text-align-center\" data-align=\"center\" colspan=\"2\" rowspan=\"2\">THDu<\/td><td colspan=\"3\">&lt;1% (linear load),<\/td><td colspan=\"5\" rowspan=\"2\">&lt;1%(linear load), &lt;5%(none-linear load)<\/td><\/tr><tr><td class=\"has-text-align-center\" data-align=\"center\" colspan=\"3\">&lt;5.5% non-linear load according to IEC\/EN62040-3<\/td><\/tr><tr><td class=\"has-text-align-center\" data-align=\"center\" colspan=\"2\">Power factor<\/td><td colspan=\"3\">1.0<\/td><td colspan=\"5\">0.9<\/td><\/tr><tr><td class=\"has-text-align-center\" data-align=\"center\" colspan=\"2\">Frequency range<\/td><td colspan=\"8\">50\/60Hz<\/td><\/tr><tr><td class=\"has-text-align-center\" data-align=\"center\" colspan=\"2\">Frequency precision<\/td><td colspan=\"8\">0.01%<\/td><\/tr><tr><td class=\"has-text-align-center\" data-align=\"center\" colspan=\"2\">Overload capability<\/td><td colspan=\"8\">110% for 60 min; 125% for 10 min;150% for 1 min;&gt;150% for 200ms<\/td><\/tr><tr><td class=\"has-text-align-center\" data-align=\"center\" colspan=\"10\">BATTERY<\/td><\/tr><tr><td class=\"has-text-align-center\" data-align=\"center\" colspan=\"2\">Voltage<\/td><td colspan=\"8\">\u00b1240VDC<\/td><\/tr><tr><td class=\"has-text-align-center\" data-align=\"center\" colspan=\"2\">Charger&nbsp; power<\/td><td colspan=\"8\">20%*System Power<\/td><\/tr><tr><td class=\"has-text-align-center\" data-align=\"center\" colspan=\"2\">Voltage precision<\/td><td colspan=\"8\">1%<\/td><\/tr><tr><td class=\"has-text-align-center\" data-align=\"center\" colspan=\"10\"><strong>System<\/strong><\/td><\/tr><tr><td class=\"has-text-align-center\" data-align=\"center\" rowspan=\"2\">System efficiency<\/td><td>Normal<\/td><td colspan=\"2\">95%<\/td><td colspan=\"4\">95%<\/td><td colspan=\"2\">96%<\/td><\/tr><tr><td class=\"has-text-align-center\" data-align=\"center\">Battery<\/td><td colspan=\"2\">94.5%<\/td><td colspan=\"4\">95%<\/td><td colspan=\"2\">96%<\/td><\/tr><tr><td class=\"has-text-align-center\" data-align=\"center\" colspan=\"2\">Display<\/td><td colspan=\"8\">LCD + LED + Keyboard<\/td><\/tr><tr><td class=\"has-text-align-center\" data-align=\"center\" colspan=\"2\">IP class<\/td><td colspan=\"8\">IP20<\/td><\/tr><tr><td class=\"has-text-align-center\" data-align=\"center\" colspan=\"2\" rowspan=\"2\">Interface<\/td><td colspan=\"8\">Standard: RS232, RS485,Dual input kit;<\/td><\/tr><tr><td class=\"has-text-align-center\" data-align=\"center\" colspan=\"8\">Option: SNMP, Dry contact,, Parallel kit, Battery cold start<\/td><\/tr><tr><td class=\"has-text-align-center\" data-align=\"center\" colspan=\"2\">Operation Temperature<\/td><td colspan=\"8\">0-40\u2103<\/td><\/tr><tr><td class=\"has-text-align-center\" data-align=\"center\" colspan=\"2\">Relative humidity<\/td><td colspan=\"8\">0-95%(Non condensing)<\/td><\/tr><tr><td class=\"has-text-align-center\" data-align=\"center\" colspan=\"2\">Noise<\/td><td colspan=\"8\">&lt;55dB (1 meter away)<\/td><\/tr><tr><td class=\"has-text-align-center\" data-align=\"center\" colspan=\"10\"><strong>Physical<\/strong><\/td><\/tr><tr><td class=\"has-text-align-center\" data-align=\"center\" colspan=\"2\" rowspan=\"2\">Weight(Kg)<\/td><td>51.5<\/td><td>51.5<\/td><td colspan=\"2\">89<\/td><td colspan=\"3\">89<\/td><td class=\"has-text-align-center\" data-align=\"center\">140<\/td><\/tr><tr><td class=\"has-text-align-center\" data-align=\"center\">31<\/td><td>31<\/td><td colspan=\"2\">50<\/td><td colspan=\"3\">52<\/td><td>61<\/td><\/tr><tr><td class=\"has-text-align-center\" data-align=\"center\" colspan=\"2\" rowspan=\"2\">Dimension&nbsp; (W*D*H)<\/td><td>250*840*715<\/td><td>250*840*715<\/td><td colspan=\"2\">350*738*1335<\/td><td colspan=\"3\">350*738*1335<\/td><td class=\"has-text-align-center\" data-align=\"center\">500*840*1400<\/td><\/tr><tr><td class=\"has-text-align-center\" data-align=\"center\">250*660*530<\/td><td>250*660*530<\/td><td colspan=\"2\">250*680*770<\/td><td colspan=\"3\">250*680*770<\/td><td>250*836*770&nbsp;&nbsp;<\/td><\/tr><\/tbody><\/table><\/figure>\n\n\n\n<div style=\"height:100px\" aria-hidden=\"true\" class=\"wp-block-spacer\"><\/div>\n\n\n\n<h2 class=\"wp-block-heading alignwide has-text-align-center has-body-font-family\" style=\"font-style:normal;font-weight:800\"><strong>DataSheet<\/strong><\/h2>\n\n\n\n<div data-wp-interactive=\"core\/file\" class=\"wp-block-file alignwide\"><object data-wp-bind--hidden=\"!state.hasPdfPreview\" hidden class=\"wp-block-file__embed\" data=\"https:\/\/kraftindustries.com\/wp-content\/uploads\/2025\/08\/ds-ups-kraft-khtx33-10-40kva-2023-2.pdf\" type=\"application\/pdf\" style=\"width:100%;height:600px\" aria-label=\"Incrustado de ds-ups-kraft-khtx33-10-40kva-2023.\"><\/object><a id=\"wp-block-file--media-9a43a571-96b2-499d-9cc9-30b9c2f71f7f\" href=\"https:\/\/kraftindustries.com\/wp-content\/uploads\/2025\/08\/ds-ups-kraft-khtx33-10-40kva-2023-2.pdf\">ds-ups-kraft-khtx33-10-40kva-2023<\/a><a href=\"https:\/\/kraftindustries.com\/wp-content\/uploads\/2025\/08\/ds-ups-kraft-khtx33-10-40kva-2023-2.pdf\" class=\"wp-block-file__button wp-element-button\" download aria-describedby=\"wp-block-file--media-9a43a571-96b2-499d-9cc9-30b9c2f71f7f\">Descarga<\/a><\/div>\n\n\n\n<p><\/p>\n","protected":false},"excerpt":{"rendered":"<p>Caracter\u00edsticas MODEL KHT33010XS KHT33015XS KHT33020XS KHT33030XS KHT33040XS KHT33010XL KHT33015XL KHT33020XL KHT33030XL KHT33040XL Capacity 10kVA 15kVA 20kVA 30kVA 40kVA Input Phase 3Ph+N+PE,380V\/400V\/415V(line to line) Voltage range 304-478Vac (Line-Line),full load; 228V-304Vac (Line-Line),load decrease linearly according to the min phase voltage Frequency range 40-70Hz THDi &lt;4% &lt;3% Power factor &gt;0.99 Output Voltage 380\/400\/415VAC (Line-Line) Voltage regulation \u00b11% THDu [&hellip;]<\/p>\n","protected":false},"author":1,"featured_media":0,"parent":0,"menu_order":0,"comment_status":"closed","ping_status":"closed","template":"","meta":{"footnotes":""},"class_list":["post-165","page","type-page","status-publish","hentry"],"_links":{"self":[{"href":"https:\/\/kraftindustries.com\/es\/wp-json\/wp\/v2\/pages\/165","targetHints":{"allow":["GET"]}}],"collection":[{"href":"https:\/\/kraftindustries.com\/es\/wp-json\/wp\/v2\/pages"}],"about":[{"href":"https:\/\/kraftindustries.com\/es\/wp-json\/wp\/v2\/types\/page"}],"author":[{"embeddable":true,"href":"https:\/\/kraftindustries.com\/es\/wp-json\/wp\/v2\/users\/1"}],"replies":[{"embeddable":true,"href":"https:\/\/kraftindustries.com\/es\/wp-json\/wp\/v2\/comments?post=165"}],"version-history":[{"count":14,"href":"https:\/\/kraftindustries.com\/es\/wp-json\/wp\/v2\/pages\/165\/revisions"}],"predecessor-version":[{"id":313,"href":"https:\/\/kraftindustries.com\/es\/wp-json\/wp\/v2\/pages\/165\/revisions\/313"}],"wp:attachment":[{"href":"https:\/\/kraftindustries.com\/es\/wp-json\/wp\/v2\/media?parent=165"}],"curies":[{"name":"wp","href":"https:\/\/api.w.org\/{rel}","templated":true}]}}