{"id":100,"date":"2025-08-19T14:20:46","date_gmt":"2025-08-19T14:20:46","guid":{"rendered":"https:\/\/kraftindustries.com\/?page_id=100"},"modified":"2025-09-04T16:17:20","modified_gmt":"2025-09-04T16:17:20","slug":"ups-trifasicas","status":"publish","type":"page","link":"https:\/\/kraftindustries.com\/es\/ups-trifasicas\/","title":{"rendered":"UPS Trif\u00e1sicas"},"content":{"rendered":"<h2 class=\"wp-block-heading alignwide has-text-align-left has-body-font-family has-medium-font-size\">La capacidad oscila entre&nbsp;<strong>10kVA y 500kVA.<\/strong>&nbsp;Desde peque\u00f1os sitios de carga hasta industrias de procesamiento y grandes centros de datos, los productos funcionan de manera estable. La serie ofrece un buen beneficio precio calidad.<\/h2>\n\n\n\n<div class=\"wp-block-group alignfull has-base-2-background-color has-background has-global-padding is-layout-constrained wp-container-core-group-is-layout-d89aad35 wp-block-group-is-layout-constrained\" style=\"margin-top:0;margin-bottom:0;padding-top:var(--wp--preset--spacing--50);padding-right:var(--wp--preset--spacing--50);padding-bottom:var(--wp--preset--spacing--50);padding-left:var(--wp--preset--spacing--50)\">\n<div class=\"wp-block-columns alignwide is-layout-flex wp-container-core-columns-is-layout-1da03c2a wp-block-columns-is-layout-flex\">\n<div class=\"wp-block-column is-vertically-aligned-center is-layout-flow wp-block-column-is-layout-flow\" style=\"flex-basis:60%\">\n<div class=\"wp-block-media-text has-media-on-the-right is-stacked-on-mobile is-vertically-aligned-center is-style-rounded\" style=\"grid-template-columns:auto 85%\"><div class=\"wp-block-media-text__content\">\n<p><\/p>\n<\/div><figure class=\"wp-block-media-text__media\"><img loading=\"lazy\" decoding=\"async\" width=\"700\" height=\"700\" src=\"http:\/\/kraftindustries.com\/wp-content\/uploads\/2025\/08\/imagen1-2.jpg\" alt=\"\" class=\"wp-image-57 size-full\" srcset=\"https:\/\/kraftindustries.com\/wp-content\/uploads\/2025\/08\/imagen1-2.jpg 700w, https:\/\/kraftindustries.com\/wp-content\/uploads\/2025\/08\/imagen1-2-300x300.jpg 300w, https:\/\/kraftindustries.com\/wp-content\/uploads\/2025\/08\/imagen1-2-150x150.jpg 150w\" sizes=\"auto, (max-width: 700px) 100vw, 700px\" \/><\/figure><\/div>\n<\/div>\n\n\n\n<div class=\"wp-block-column is-layout-flow wp-block-column-is-layout-flow\" style=\"flex-basis:40%\">\n<h2 class=\"wp-block-heading\"><strong>UPS HR33 Rack On Line 10-25kVA (380\/400\/415V)<\/strong><\/h2>\n\n\n\n<p>Esta serie Rack Online UPS es la opci\u00f3n ideal para centros de datos modernos. Disponible en 10 kVA, 15 kVA, 20 kVA y 25 kVA. La serie es UPS en l\u00ednea de doble conversi\u00f3n con tecnolog\u00eda totalmente controlada por DSP, permitiendo configuraci\u00f3n en 3:3 (Tri\/Tri) y 3:1 (Tri\/Mono).<\/p>\n\n\n\n<div class=\"wp-block-buttons is-layout-flex wp-block-buttons-is-layout-flex\">\n<div class=\"wp-block-button\"><a class=\"wp-block-button__link wp-element-button\" href=\"https:\/\/kraftindustries.com\/es\/hr33-rack-10-25kva\/\" target=\"_blank\" rel=\"noreferrer noopener\">Leer m\u00e1s<\/a><\/div>\n<\/div>\n<\/div>\n<\/div>\n<\/div>\n\n\n\n<div class=\"wp-block-group alignfull has-base-2-background-color has-background has-global-padding is-layout-constrained wp-container-core-group-is-layout-d89aad35 wp-block-group-is-layout-constrained\" style=\"margin-top:0;margin-bottom:0;padding-top:var(--wp--preset--spacing--50);padding-right:var(--wp--preset--spacing--50);padding-bottom:var(--wp--preset--spacing--50);padding-left:var(--wp--preset--spacing--50)\">\n<div class=\"wp-block-columns alignwide is-layout-flex wp-container-core-columns-is-layout-1da03c2a wp-block-columns-is-layout-flex\">\n<div class=\"wp-block-column is-vertically-aligned-center is-layout-flow wp-block-column-is-layout-flow\" style=\"flex-basis:60%\">\n<div class=\"wp-block-media-text has-media-on-the-right is-stacked-on-mobile is-vertically-aligned-center is-style-rounded\" style=\"grid-template-columns:auto 85%\"><div class=\"wp-block-media-text__content\">\n<p><\/p>\n<\/div><figure class=\"wp-block-media-text__media\"><img loading=\"lazy\" decoding=\"async\" width=\"700\" height=\"446\" src=\"http:\/\/kraftindustries.com\/wp-content\/uploads\/2025\/08\/khr33-30kva-para-arriba_mod1-1.jpg\" alt=\"\" class=\"wp-image-64 size-full\" srcset=\"https:\/\/kraftindustries.com\/wp-content\/uploads\/2025\/08\/khr33-30kva-para-arriba_mod1-1.jpg 700w, https:\/\/kraftindustries.com\/wp-content\/uploads\/2025\/08\/khr33-30kva-para-arriba_mod1-1-300x191.jpg 300w\" sizes=\"auto, (max-width: 700px) 100vw, 700px\" \/><\/figure><\/div>\n<\/div>\n\n\n\n<div class=\"wp-block-column is-layout-flow wp-block-column-is-layout-flow\" style=\"flex-basis:40%\">\n<h2 class=\"wp-block-heading\"><strong><strong>UPS HR33 Rack On Line 30-40kVA (380\/400\/415V)<\/strong><\/strong><\/h2>\n\n\n\n<p>El UPS en l\u00ednea montado en bastidor serie KHR33 adopta un dise\u00f1o de doble conversi\u00f3n en l\u00ednea, basado en control digital (DSP) , para proporcionar un suministro de energ\u00eda estable e ininterrumpido para cargas cr\u00edticas, lo que puede eliminar sobretensiones sostenidas, picos de voltajes transitorios y \u00abcontaminaci\u00f3n el\u00e9ctrica\u00bb.<\/p>\n\n\n\n<div class=\"wp-block-buttons is-layout-flex wp-block-buttons-is-layout-flex\">\n<div class=\"wp-block-button\"><a class=\"wp-block-button__link wp-element-button\" href=\"https:\/\/kraftindustries.com\/es\/hr33-rack-on-line-30-40kva\/\" target=\"_blank\" rel=\"noreferrer noopener\">Leer m\u00e1s<\/a><\/div>\n<\/div>\n<\/div>\n<\/div>\n<\/div>\n\n\n\n<div class=\"wp-block-group alignfull has-base-2-background-color has-background has-global-padding is-layout-constrained wp-container-core-group-is-layout-d89aad35 wp-block-group-is-layout-constrained\" style=\"margin-top:0;margin-bottom:0;padding-top:var(--wp--preset--spacing--50);padding-right:var(--wp--preset--spacing--50);padding-bottom:var(--wp--preset--spacing--50);padding-left:var(--wp--preset--spacing--50)\">\n<div class=\"wp-block-columns alignwide is-layout-flex wp-container-core-columns-is-layout-1da03c2a wp-block-columns-is-layout-flex\">\n<div class=\"wp-block-column is-vertically-aligned-center is-layout-flow wp-block-column-is-layout-flow\" style=\"flex-basis:60%\">\n<div class=\"wp-block-media-text has-media-on-the-right is-stacked-on-mobile is-vertically-aligned-center is-style-rounded\" style=\"grid-template-columns:auto 85%\"><div class=\"wp-block-media-text__content\">\n<p><\/p>\n<\/div><figure class=\"wp-block-media-text__media\"><img loading=\"lazy\" decoding=\"async\" width=\"560\" height=\"560\" src=\"http:\/\/kraftindustries.com\/wp-content\/uploads\/2025\/08\/ht33-1-2.jpg\" alt=\"\" class=\"wp-image-50 size-full\" srcset=\"https:\/\/kraftindustries.com\/wp-content\/uploads\/2025\/08\/ht33-1-2.jpg 560w, https:\/\/kraftindustries.com\/wp-content\/uploads\/2025\/08\/ht33-1-2-300x300.jpg 300w, https:\/\/kraftindustries.com\/wp-content\/uploads\/2025\/08\/ht33-1-2-150x150.jpg 150w\" sizes=\"auto, (max-width: 560px) 100vw, 560px\" \/><\/figure><\/div>\n<\/div>\n\n\n\n<div class=\"wp-block-column is-layout-flow wp-block-column-is-layout-flow\" style=\"flex-basis:40%\">\n<h2 class=\"wp-block-heading\"><strong><strong>UPS HT33 Rack On Line 10-40kVA (380\/400\/415V)<\/strong><\/strong><\/h2>\n\n\n\n<p>La serie Torre On line para escenarios de carga peque\u00f1a y ampliamente utilizada en oficinas, equipos de atenci\u00f3n m\u00e9dica y centros comerciales. Disponible en potencias de 10kVA, 15kVA, 20kVA, 30kVA,40kVA. Admite 8 unidades en paralelo.<\/p>\n\n\n\n<div class=\"wp-block-buttons is-layout-flex wp-block-buttons-is-layout-flex\">\n<div class=\"wp-block-button\"><a class=\"wp-block-button__link wp-element-button\" href=\"https:\/\/kraftindustries.com\/es\/ht33-10-40kva\/\" target=\"_blank\" rel=\"noreferrer noopener\">Leer m\u00e1s<\/a><\/div>\n<\/div>\n<\/div>\n<\/div>\n<\/div>\n\n\n\n<div class=\"wp-block-group alignfull has-base-2-background-color has-background has-global-padding is-layout-constrained wp-container-core-group-is-layout-d89aad35 wp-block-group-is-layout-constrained\" style=\"margin-top:0;margin-bottom:0;padding-top:var(--wp--preset--spacing--50);padding-right:var(--wp--preset--spacing--50);padding-bottom:var(--wp--preset--spacing--50);padding-left:var(--wp--preset--spacing--50)\">\n<div class=\"wp-block-columns alignwide is-layout-flex wp-container-core-columns-is-layout-1da03c2a wp-block-columns-is-layout-flex\">\n<div class=\"wp-block-column is-vertically-aligned-center is-layout-flow wp-block-column-is-layout-flow\" style=\"flex-basis:60%\">\n<div class=\"wp-block-media-text has-media-on-the-right is-stacked-on-mobile is-vertically-aligned-center is-style-rounded\" style=\"grid-template-columns:auto 83%\"><div class=\"wp-block-media-text__content\">\n<p><\/p>\n<\/div><figure class=\"wp-block-media-text__media\"><img loading=\"lazy\" decoding=\"async\" width=\"700\" height=\"700\" src=\"http:\/\/kraftindustries.com\/wp-content\/uploads\/2025\/08\/ht33-500k.jpg\" alt=\"\" class=\"wp-image-53 size-full\" srcset=\"https:\/\/kraftindustries.com\/wp-content\/uploads\/2025\/08\/ht33-500k.jpg 700w, https:\/\/kraftindustries.com\/wp-content\/uploads\/2025\/08\/ht33-500k-300x300.jpg 300w, https:\/\/kraftindustries.com\/wp-content\/uploads\/2025\/08\/ht33-500k-150x150.jpg 150w\" sizes=\"auto, (max-width: 700px) 100vw, 700px\" \/><\/figure><\/div>\n<\/div>\n\n\n\n<div class=\"wp-block-column is-layout-flow wp-block-column-is-layout-flow\" style=\"flex-basis:40%\">\n<h2 class=\"wp-block-heading\"><strong><strong>UPS HT33 Torre On line 60-500kVA (380\/400\/415V)<\/strong><\/strong><\/h2>\n\n\n\n<p>Linea de producto de alta estabilidad y escalabilidad para centros de datos de medianos y gran porte. Cuenta con pciones de 60\/80\/90\/100\/120kVA y 150\/200\/250\/300\/400\/500 kVA. La capacidad de cada m\u00f3dulo de potencia alcanza los 500 kVA en un gabinete , ocupando menos de 1,45 m2; lo que lo hace ideal para peque\u00f1os espacios<\/p>\n\n\n\n<div class=\"wp-block-buttons is-layout-flex wp-block-buttons-is-layout-flex\">\n<div class=\"wp-block-button\"><a class=\"wp-block-button__link wp-element-button\" href=\"https:\/\/kraftindustries.com\/es\/ht33-60-500kva\/\" target=\"_blank\" rel=\"noreferrer noopener\">Leer m\u00e1s<\/a><\/div>\n<\/div>\n<\/div>\n<\/div>\n<\/div>\n\n\n\n<p><\/p>","protected":false},"excerpt":{"rendered":"<p>La capacidad oscila entre&nbsp;10kVA y 500kVA.&nbsp;Desde peque\u00f1os sitios de carga hasta industrias de procesamiento y grandes centros de datos, los productos funcionan de manera estable. La serie ofrece un buen beneficio precio calidad. UPS HR33 Rack On Line 10-25kVA (380\/400\/415V) Esta serie Rack Online UPS es la opci\u00f3n ideal para centros de datos modernos. Disponible [&hellip;]<\/p>\n","protected":false},"author":1,"featured_media":0,"parent":0,"menu_order":0,"comment_status":"closed","ping_status":"closed","template":"","meta":{"footnotes":""},"class_list":["post-100","page","type-page","status-publish","hentry"],"_links":{"self":[{"href":"https:\/\/kraftindustries.com\/es\/wp-json\/wp\/v2\/pages\/100","targetHints":{"allow":["GET"]}}],"collection":[{"href":"https:\/\/kraftindustries.com\/es\/wp-json\/wp\/v2\/pages"}],"about":[{"href":"https:\/\/kraftindustries.com\/es\/wp-json\/wp\/v2\/types\/page"}],"author":[{"embeddable":true,"href":"https:\/\/kraftindustries.com\/es\/wp-json\/wp\/v2\/users\/1"}],"replies":[{"embeddable":true,"href":"https:\/\/kraftindustries.com\/es\/wp-json\/wp\/v2\/comments?post=100"}],"version-history":[{"count":12,"href":"https:\/\/kraftindustries.com\/es\/wp-json\/wp\/v2\/pages\/100\/revisions"}],"predecessor-version":[{"id":256,"href":"https:\/\/kraftindustries.com\/es\/wp-json\/wp\/v2\/pages\/100\/revisions\/256"}],"wp:attachment":[{"href":"https:\/\/kraftindustries.com\/es\/wp-json\/wp\/v2\/media?parent=100"}],"curies":[{"name":"wp","href":"https:\/\/api.w.org\/{rel}","templated":true}]}}